{"id":36020,"date":"2018-01-25T23:01:50","date_gmt":"2018-01-25T21:01:50","guid":{"rendered":"http:\/\/avocor.trendmakers.ro\/molnar-andras-ugyved\/"},"modified":"2018-03-26T15:15:19","modified_gmt":"2018-03-26T13:15:19","slug":"molnar-andras-ugyved","status":"publish","type":"page","link":"https:\/\/avocor.trendmakers.ro\/hu\/molnar-andras-ugyved\/","title":{"rendered":"Moln\u00e1r Andr\u00e1s \u00fcgyv\u00e9d"},"content":{"rendered":"<p>[et_pb_section bb_built=&#8221;1&#8243; _builder_version=&#8221;3.0.91&#8243;][et_pb_row _builder_version=&#8221;3.0.91&#8243; background_color_2=&#8221;#28d6c1&#8243; make_equal=&#8221;on&#8221;][et_pb_column type=&#8221;2_3&#8243;][et_pb_text _builder_version=&#8221;3.0.93&#8243; background_layout=&#8221;light&#8221;]<\/p>\n<h2><strong>MOLN\u00c1R ANDR\u00c1S<\/strong><\/h2>\n<h6>Moln\u00e1r Andr\u00e1s a Temesv\u00e1ri Nyugat Egyetem Jogi \u00e9s K\u00f6zigazgat\u00e1si Kar\u00e1nak 2007-es v\u00e9gz\u0151se. 2008-ban Varga Korn\u00e9lia \u00dcgyv\u00e9di Irod\u00e1j\u00e1ban gyakornokk\u00e9nt kezdte el tev\u00e9kenys\u00e9g\u00e9t. 2010 m\u00e1rciusa \u00f3ta, a szakvizsga let\u00e9tele ut\u00e1n, v\u00e9gleges \u00fcgyv\u00e9dk\u00e9nt dolgozik az irod\u00e1ban.\u00a0 Teljes joggal k\u00e9pviseli \u00fcgyfeleit b\u00e1rmilyen b\u00edr\u00f3s\u00e1g el\u0151tt, bele\u00e9rtve a Legfels\u0151bb B\u00edr\u00f3s\u00e1got is.<\/h6>\n<h6><\/h6>\n<p>[\/et_pb_text][\/et_pb_column][et_pb_column type=&#8221;1_3&#8243;][\/et_pb_column][\/et_pb_row][\/et_pb_section][et_pb_section bb_built=&#8221;1&#8243; module_id=&#8221;contact&#8221; module_class=&#8221;law law11&#8243; _builder_version=&#8221;3.0.88&#8243; custom_padding=&#8221;0px|0px|0px|0px&#8221; transparent_background=&#8221;off&#8221; padding_mobile=&#8221;on&#8221; global_module=&#8221;35173&#8243;][et_pb_row global_parent=&#8221;35173&#8243; make_fullwidth=&#8221;on&#8221; use_custom_gutter=&#8221;on&#8221; custom_padding=&#8221;0px|0px|0px|0px&#8221; padding_mobile=&#8221;on&#8221; make_equal=&#8221;on&#8221; column_padding_mobile=&#8221;on&#8221; background_color_2=&#8221;#f3f3f3&#8243; bg_img_1=&#8221;http:\/\/avocor.trendmakers.ro\/wp-content\/uploads\/2018\/01\/address3.jpg&#8221; padding_top_1=&#8221;6vw&#8221; padding_right_1=&#8221;4vw&#8221; padding_bottom_1=&#8221;6vw&#8221; padding_left_1=&#8221;4vw&#8221; padding_top_2=&#8221;6vw&#8221; padding_right_2=&#8221;4vw&#8221; padding_bottom_2=&#8221;6vw&#8221; padding_left_2=&#8221;4vw&#8221; parallax_1=&#8221;on&#8221; parallax_method_2=&#8221;off&#8221; _builder_version=&#8221;3.0.93&#8243; parallax=&#8221;on&#8221; custom_margin_last_edited=&#8221;off|desktop&#8221;][et_pb_column type=&#8221;1_2&#8243;][et_pb_cta admin_label=&#8221;Contact&#8221; global_parent=&#8221;35173&#8243; use_background_color=&#8221;off&#8221; _builder_version=&#8221;3.0.93&#8243; header_font=&#8221;Montserrat|on|||&#8221; header_font_size=&#8221;36&#8243; header_font_size_tablet=&#8221;30&#8243; header_font_size_phone=&#8221;26&#8243; header_font_size_last_edited=&#8221;on|phone&#8221; header_text_color=&#8221;#ffffff&#8221; body_font=&#8221;Open Sans||||&#8221; body_font_size=&#8221;18&#8243; body_text_color=&#8221;#ffffff&#8221; body_line_height=&#8221;1.8em&#8221; background_size=&#8221;initial&#8221; background_position=&#8221;top_left&#8221; background_repeat=&#8221;repeat&#8221; text_orientation=&#8221;left&#8221; use_border_color=&#8221;off&#8221; border_color=&#8221;#ffffff&#8221; border_style=&#8221;solid&#8221;]<\/p>\n<p>L\u00e1togasson meg<\/p>\n<h2>C\u00cdM\u00dcNK<\/h2>\n<p>Enric Baader utca 1. sz\u00e1m, 20-as lak\u00e1s, 300073 Temesv\u00e1r (Timi\u0219oara), Rom\u00e1nia.<\/p>\n<h2>TELEFON<\/h2>\n<p>+40.722.354.394\u00a0 \u00a0 \u00a0 \u00a0 +40.743.630.529<\/p>\n<h2>MUNKAID\u0150<\/h2>\n<p>H\u00e9tf\u0151-P\u00e9ntek: 9\u201317<\/p>\n<p>[\/et_pb_cta][\/et_pb_column][et_pb_column type=&#8221;1_2&#8243;][et_pb_contact_form global_parent=&#8221;35173&#8243; title=&#8221;ONLINE ID\u0150PONTK\u00c9R\u00c9S&#8221; module_id=&#8221;et_pb_contact_form_0&#8243; _builder_version=&#8221;3.0.90&#8243; title_level=&#8221;h2&#8243; title_font=&#8221;|600|||||||&#8221; title_font_size=&#8221;30&#8243; title_text_color=&#8221;#21b097&#8243; form_field_font=&#8221;Open Sans||||&#8221; form_field_font_size=&#8221;16&#8243; form_field_text_color=&#8221;#444c50&#8243; border_radii=&#8221;on|0px|0px|0px|0px&#8221; border_color_all=&#8221;off&#8221; border_style_all=&#8221;solid&#8221; custom_button=&#8221;on&#8221; button_text_color=&#8221;#ffffff&#8221; button_bg_color=&#8221;#21b097&#8243; button_border_width=&#8221;0&#8243; button_border_radius=&#8221;0&#8243; button_font=&#8221;||||||||&#8221; button_use_icon=&#8221;default&#8221; use_border_color=&#8221;off&#8221; border_color=&#8221;#ffffff&#8221; border_style=&#8221;solid&#8221; input_border_radius=&#8221;0&#8243;][et_pb_contact_field field_id=&#8221;N\u00e9v&#8221; field_title=&#8221;N\u00e9v&#8221; _builder_version=&#8221;3.0.47&#8243; border_radii=&#8221;on||||&#8221;][\/et_pb_contact_field][et_pb_contact_field field_id=&#8221;Email&#8221; field_title=&#8221;E-mail c\u00edm&#8221; field_type=&#8221;email&#8221; _builder_version=&#8221;3.0.88&#8243; border_radii=&#8221;on||||&#8221;][\/et_pb_contact_field][et_pb_contact_field field_id=&#8221;\u00dczenet&#8221; field_title=&#8221;\u00dczenet&#8221; field_type=&#8221;text&#8221; fullwidth_field=&#8221;on&#8221; _builder_version=&#8221;3.0.47&#8243; border_radii=&#8221;on||||&#8221;][\/et_pb_contact_field][\/et_pb_contact_form][\/et_pb_column][\/et_pb_row][\/et_pb_section][et_pb_section bb_built=&#8221;1&#8243; fullwidth=&#8221;on&#8221; _builder_version=&#8221;3.0.47&#8243; global_module=&#8221;35028&#8243;][et_pb_fullwidth_map global_parent=&#8221;35028&#8243; address=&#8221;Strada Enric Baader 1, Timi\u0219oara, Romania&#8221; zoom_level=&#8221;15&#8243; address_lat=&#8221;45.7620061816&#8243; address_lng=&#8221;21.244164828&#8243; use_grayscale_filter=&#8221;on&#8221; grayscale_filter_amount=&#8221;70&#8243; _builder_version=&#8221;3.0.91&#8243; child_filter_saturate=&#8221;30%&#8221; _map_version=&#8221;0&#8243;][et_pb_map_pin title=&#8221;Varga &amp;amp; Molnar Law Office&#8221; pin_address=&#8221;Strada Enric Baader 1, Timi\u0219oara, Romania&#8221; pin_address_lat=&#8221;45.76235796937448&#8243; pin_address_lng=&#8221;21.244325760574384&#8243; _builder_version=&#8221;3.0.88&#8243;]<\/p>\n<p>Irod\u00e1nk az Enric Baader utca 1. sz\u00e1m 2. emelet 20 alatt tal\u00e1lhat\u00f3. Ha aut\u00f3val \u00e9rkezik, az \u201d\u00c9gt\u00e1jak\u201d nev\u0171 k\u00f6rforgalomt\u00f3l a Calea Lugojului fel\u00e9 forduljon, a Take Ionescu sug\u00e1r\u00faton, miut\u00e1n elhaladt a Temes megyei Rend\u0151r-f\u0151kapit\u00e1nys\u00e1g sz\u00e9kh\u00e1za mellett, jelezzen balra, majd, az els\u0151 lehet\u0151s\u00e9gn\u00e9l forduljon balra \u00e9s hajtson be Enric Baader utc\u00e1ba. Az Enric Baader utca egyir\u00e1ny\u00fa. Amint behajt az utc\u00e1ba, az \u00fat bal oldal\u00e1n parkol\u00f3helyek tal\u00e1lhat\u00f3ak. Abban az esetben, ha nem tal\u00e1l egy parkol\u00f3helyet, akkor hajtson be az els\u0151 udvarba, amely hat h\u00e1z k\u00f6z\u00f6tt helyezkedik el, bele\u00e9rtve a Baader 1-et is. A Take Ionescu sug\u00e1r\u00faton k\u00edv\u00fcl nincs parkol\u00e1si d\u00edj.<\/p>\n<p>[\/et_pb_map_pin][\/et_pb_fullwidth_map][\/et_pb_section]<\/p>\n","protected":false},"excerpt":{"rendered":"<p>[et_pb_section bb_built=&#8221;1&#8243; _builder_version=&#8221;3.0.91&#8243;][et_pb_row _builder_version=&#8221;3.0.91&#8243; background_color_2=&#8221;#28d6c1&#8243; make_equal=&#8221;on&#8221;][et_pb_column type=&#8221;2_3&#8243;][et_pb_text _builder_version=&#8221;3.0.93&#8243; background_layout=&#8221;light&#8221;] MOLN\u00c1R ANDR\u00c1S Moln\u00e1r Andr\u00e1s a Temesv\u00e1ri Nyugat Egyetem Jogi \u00e9s K\u00f6zigazgat\u00e1si Kar\u00e1nak 2007-es v\u00e9gz\u0151se. 2008-ban Varga Korn\u00e9lia \u00dcgyv\u00e9di Irod\u00e1j\u00e1ban gyakornokk\u00e9nt kezdte el tev\u00e9kenys\u00e9g\u00e9t. 2010 m\u00e1rciusa \u00f3ta, a szakvizsga let\u00e9tele ut\u00e1n, v\u00e9gleges \u00fcgyv\u00e9dk\u00e9nt dolgozik az irod\u00e1ban.\u00a0 Teljes joggal k\u00e9pviseli \u00fcgyfeleit b\u00e1rmilyen b\u00edr\u00f3s\u00e1g el\u0151tt, bele\u00e9rtve a Legfels\u0151bb B\u00edr\u00f3s\u00e1got [&hellip;]<\/p>\n","protected":false},"author":1,"featured_media":0,"parent":0,"menu_order":0,"comment_status":"closed","ping_status":"closed","template":"","meta":{"_et_pb_use_builder":"on","_et_pb_old_content":"","footnotes":""},"class_list":["post-36020","page","type-page","status-publish","hentry"],"_links":{"self":[{"href":"https:\/\/avocor.trendmakers.ro\/hu\/wp-json\/wp\/v2\/pages\/36020","targetHints":{"allow":["GET"]}}],"collection":[{"href":"https:\/\/avocor.trendmakers.ro\/hu\/wp-json\/wp\/v2\/pages"}],"about":[{"href":"https:\/\/avocor.trendmakers.ro\/hu\/wp-json\/wp\/v2\/types\/page"}],"author":[{"embeddable":true,"href":"https:\/\/avocor.trendmakers.ro\/hu\/wp-json\/wp\/v2\/users\/1"}],"replies":[{"embeddable":true,"href":"https:\/\/avocor.trendmakers.ro\/hu\/wp-json\/wp\/v2\/comments?post=36020"}],"version-history":[{"count":28,"href":"https:\/\/avocor.trendmakers.ro\/hu\/wp-json\/wp\/v2\/pages\/36020\/revisions"}],"predecessor-version":[{"id":36564,"href":"https:\/\/avocor.trendmakers.ro\/hu\/wp-json\/wp\/v2\/pages\/36020\/revisions\/36564"}],"wp:attachment":[{"href":"https:\/\/avocor.trendmakers.ro\/hu\/wp-json\/wp\/v2\/media?parent=36020"}],"curies":[{"name":"wp","href":"https:\/\/api.w.org\/{rel}","templated":true}]}}