{"id":36074,"date":"2018-01-26T01:33:45","date_gmt":"2018-01-25T23:33:45","guid":{"rendered":"http:\/\/avocor.trendmakers.ro\/polgari-jog\/"},"modified":"2018-03-07T22:12:03","modified_gmt":"2018-03-07T20:12:03","slug":"polgari-jog","status":"publish","type":"page","link":"https:\/\/avocor.trendmakers.ro\/hu\/polgari-jog\/","title":{"rendered":"Polg\u00e1ri Jog"},"content":{"rendered":"<p>[et_pb_section bb_built=&#8221;1&#8243; _builder_version=&#8221;3.0.47&#8243;][et_pb_row _builder_version=&#8221;3.0.47&#8243; background_size=&#8221;initial&#8221; background_position=&#8221;top_left&#8221; background_repeat=&#8221;repeat&#8221;][et_pb_column type=&#8221;1_3&#8243;][et_pb_sidebar area=&#8221;et_pb_widget_area_1&#8243; _builder_version=&#8221;3.0.90&#8243; orientation=&#8221;left&#8221; show_border=&#8221;on&#8221; background_layout=&#8221;light&#8221; disabled=&#8221;off&#8221; disabled_on=&#8221;on||&#8221; module_class=&#8221;ds-my-menu-1&#8243; border_style_all=&#8221;none&#8221; \/][\/et_pb_column][et_pb_column type=&#8221;2_3&#8243;][et_pb_text _builder_version=&#8221;3.0.90&#8243; background_size=&#8221;initial&#8221; background_position=&#8221;top_left&#8221; background_repeat=&#8221;repeat&#8221; background_layout=&#8221;light&#8221;]<\/p>\n<p><strong>Polg\u00e1ri szerz\u0151d\u00e9sek megk\u00f6t\u00e9se, lefolytat\u00e1sa, felbont\u00e1sa:<\/strong><br \/>\n&#8211; ingatlanra \u00e9s ing\u00f3s\u00e1gra vonatkoz\u00f3 ad\u00e1s-v\u00e9teli szerz\u0151d\u00e9sek;<br \/>\n&#8211; eltart\u00e1si \u00e9s \u00e9letj\u00e1rad\u00e9ki szerz\u0151d\u00e9sek;<br \/>\n&#8211; csereszerz\u0151d\u00e9sek;<br \/>\n&#8211; lakb\u00e9rleti szerz\u0151d\u00e9sek;<br \/>\n&#8211; k\u00f6lcs\u00f6nszerz\u0151d\u00e9sek;<br \/>\n&#8211; haszonk\u00f6lcs\u00f6n-szerz\u0151d\u00e9sek;<br \/>\n&#8211; neves\u00edtetlen szerz\u0151d\u00e9sek, a felek akarat\u00e1nak megfelel\u0151en.<\/p>\n<p><strong>A szerz\u0151d\u00e9ses felel\u0151ss\u00e9gre vonatkoz\u00f3 tan\u00e1csad\u00e1s valamint k\u00e9pviselet:<br \/>\n<\/strong>&#8211; szerz\u0151d\u00e9sek r\u00e9szleges vagy teljes semmiss\u00e9g\u00e9nek meg\u00e1llap\u00edt\u00e1sa peres \u00faton;<br \/>\n&#8211; szerz\u0151d\u00e9sek felbont\u00e1sa peres \u00faton.<\/p>\n<p><strong>Tan\u00e1csad\u00e1s \u00e9s k\u00e9pviselet polg\u00e1rjogi v\u00e9ts\u00e9gek ter\u00e9n<\/strong><\/p>\n<p><strong>Tan\u00e1csad\u00e1s \u00e9s k\u00e9pviselet tulajdonjogi perekben:<br \/>\n<\/strong>&#8211; ing\u00f3- illetve ingatlanra vonatkoz\u00f3 peres k\u00f6vetel\u00e9sek;<br \/>\n&#8211; birtoki keresetek;<br \/>\n&#8211; tulajdonk\u00f6z\u00f6ss\u00e9g megsz\u00fcntet\u00e9se ir\u00e1nti keresetek;<br \/>\n&#8211; hat\u00e1rvonalra vonatkoz\u00f3 keresetek;<br \/>\n&#8211; szorgalmi jogra vonatkoz\u00f3 keresetek.<\/p>\n<p><strong>P\u00e9nz\u00fcgyi k\u00f6vetel\u00e9sekre vonatkoz\u00f3 keresetek:<\/strong><br \/>\n&#8211; k\u00f6vetel\u00e9si kereset;<br \/>\n&#8211; fizet\u00e9si felsz\u00f3l\u00edt\u00e1s;<br \/>\n&#8211; k\u00f6vetel\u00e9sek behajt\u00e1sa.<\/p>\n<p>[\/et_pb_text][\/et_pb_column][\/et_pb_row][\/et_pb_section][et_pb_section bb_built=&#8221;1&#8243; module_id=&#8221;contact&#8221; module_class=&#8221;law law11&#8243; _builder_version=&#8221;3.0.88&#8243; custom_padding=&#8221;0px|0px|0px|0px&#8221; transparent_background=&#8221;off&#8221; padding_mobile=&#8221;on&#8221; global_module=&#8221;35173&#8243;][et_pb_row global_parent=&#8221;35173&#8243; make_fullwidth=&#8221;on&#8221; use_custom_gutter=&#8221;on&#8221; gutter_width=&#8221;0&#8243; custom_padding=&#8221;0px|0px|0px|0px&#8221; padding_mobile=&#8221;on&#8221; make_equal=&#8221;on&#8221; column_padding_mobile=&#8221;on&#8221; background_color_2=&#8221;#f3f3f3&#8243; bg_img_1=&#8221;http:\/\/avocor.trendmakers.ro\/wp-content\/uploads\/2017\/12\/Untitled-5.jpg&#8221; padding_top_1=&#8221;6vw&#8221; padding_right_1=&#8221;4vw&#8221; padding_bottom_1=&#8221;6vw&#8221; padding_left_1=&#8221;4vw&#8221; padding_top_2=&#8221;6vw&#8221; padding_right_2=&#8221;4vw&#8221; padding_bottom_2=&#8221;6vw&#8221; padding_left_2=&#8221;4vw&#8221; parallax_1=&#8221;on&#8221; parallax_method_2=&#8221;off&#8221; _builder_version=&#8221;3.0.90&#8243; parallax=&#8221;on&#8221; custom_margin_last_edited=&#8221;off|desktop&#8221;][et_pb_column type=&#8221;1_2&#8243;][et_pb_cta admin_label=&#8221;Contact&#8221; global_parent=&#8221;35173&#8243; use_background_color=&#8221;off&#8221; _builder_version=&#8221;3.0.47&#8243; header_font=&#8221;Montserrat|on|||&#8221; header_font_size=&#8221;36&#8243; header_font_size_tablet=&#8221;30&#8243; header_font_size_phone=&#8221;26&#8243; header_font_size_last_edited=&#8221;on|phone&#8221; header_text_color=&#8221;#ffffff&#8221; body_font=&#8221;Open Sans||||&#8221; body_font_size=&#8221;18&#8243; body_text_color=&#8221;#ffffff&#8221; body_line_height=&#8221;1.8em&#8221; background_size=&#8221;initial&#8221; background_position=&#8221;top_left&#8221; background_repeat=&#8221;repeat&#8221; text_orientation=&#8221;left&#8221; use_border_color=&#8221;off&#8221; border_color=&#8221;#ffffff&#8221; border_style=&#8221;solid&#8221;]<\/p>\n<p>L\u00e1togasson meg<\/p>\n<h2>C\u00cdM\u00dcNK<\/h2>\n<p>Enric Baader utca 1. sz\u00e1m, 20-as lak\u00e1s, 300073 Temesv\u00e1r (Timi\u0219oara), Rom\u00e1nia.<\/p>\n<h2>TELEFON<\/h2>\n<p>+40.722.354.394\u00a0 \u00a0 \u00a0 \u00a0 +40.743.630.529<\/p>\n<h2>MUNKAID\u0150<\/h2>\n<p>H\u00e9tf\u0151-P\u00e9ntek: 9\u201317<\/p>\n<p>[\/et_pb_cta][\/et_pb_column][et_pb_column type=&#8221;1_2&#8243;][et_pb_contact_form global_parent=&#8221;35173&#8243; title=&#8221;ONLINE ID\u0150PONTK\u00c9R\u00c9S&#8221; module_id=&#8221;et_pb_contact_form_0&#8243; _builder_version=&#8221;3.0.90&#8243; title_level=&#8221;h2&#8243; title_font=&#8221;|600|||||||&#8221; title_font_size=&#8221;30&#8243; title_text_color=&#8221;#21b097&#8243; form_field_font=&#8221;Open Sans||||&#8221; form_field_font_size=&#8221;16&#8243; form_field_text_color=&#8221;#444c50&#8243; border_radii=&#8221;on|0px|0px|0px|0px&#8221; border_color_all=&#8221;off&#8221; border_style_all=&#8221;solid&#8221; custom_button=&#8221;on&#8221; button_text_color=&#8221;#ffffff&#8221; button_bg_color=&#8221;#21b097&#8243; button_border_width=&#8221;0&#8243; button_border_radius=&#8221;0&#8243; button_font=&#8221;||||||||&#8221; button_use_icon=&#8221;default&#8221; use_border_color=&#8221;off&#8221; border_color=&#8221;#ffffff&#8221; border_style=&#8221;solid&#8221; input_border_radius=&#8221;0&#8243;]<\/p>\n<p>[et_pb_contact_field field_id=&#8221;N\u00e9v&#8221; field_title=&#8221;N\u00e9v&#8221; _builder_version=&#8221;3.0.47&#8243; border_radii=&#8221;on||||&#8221;][\/et_pb_contact_field][et_pb_contact_field field_id=&#8221;Email&#8221; field_title=&#8221;Az \u00d6n e-mail c\u00edme&#8221; field_type=&#8221;email&#8221; _builder_version=&#8221;3.0.88&#8243; border_radii=&#8221;on||||&#8221;][\/et_pb_contact_field][et_pb_contact_field field_id=&#8221;\u00dczenet&#8221; field_title=&#8221;\u00dczenet&#8221; field_type=&#8221;text&#8221; fullwidth_field=&#8221;on&#8221; _builder_version=&#8221;3.0.47&#8243; border_radii=&#8221;on||||&#8221;][\/et_pb_contact_field]<\/p>\n<p>[\/et_pb_contact_form][\/et_pb_column][\/et_pb_row][\/et_pb_section]<\/p>\n","protected":false},"excerpt":{"rendered":"<p>[et_pb_section bb_built=&#8221;1&#8243; _builder_version=&#8221;3.0.47&#8243;][et_pb_row _builder_version=&#8221;3.0.47&#8243; background_size=&#8221;initial&#8221; background_position=&#8221;top_left&#8221; background_repeat=&#8221;repeat&#8221;][et_pb_column type=&#8221;1_3&#8243;][et_pb_sidebar area=&#8221;et_pb_widget_area_1&#8243; _builder_version=&#8221;3.0.90&#8243; orientation=&#8221;left&#8221; show_border=&#8221;on&#8221; background_layout=&#8221;light&#8221; disabled=&#8221;off&#8221; disabled_on=&#8221;on||&#8221; module_class=&#8221;ds-my-menu-1&#8243; border_style_all=&#8221;none&#8221; \/][\/et_pb_column][et_pb_column type=&#8221;2_3&#8243;][et_pb_text _builder_version=&#8221;3.0.90&#8243; background_size=&#8221;initial&#8221; background_position=&#8221;top_left&#8221; background_repeat=&#8221;repeat&#8221; background_layout=&#8221;light&#8221;] Polg\u00e1ri szerz\u0151d\u00e9sek megk\u00f6t\u00e9se, lefolytat\u00e1sa, felbont\u00e1sa: &#8211; ingatlanra \u00e9s ing\u00f3s\u00e1gra vonatkoz\u00f3 ad\u00e1s-v\u00e9teli szerz\u0151d\u00e9sek; &#8211; eltart\u00e1si \u00e9s \u00e9letj\u00e1rad\u00e9ki szerz\u0151d\u00e9sek; &#8211; csereszerz\u0151d\u00e9sek; &#8211; lakb\u00e9rleti szerz\u0151d\u00e9sek; &#8211; k\u00f6lcs\u00f6nszerz\u0151d\u00e9sek; &#8211; haszonk\u00f6lcs\u00f6n-szerz\u0151d\u00e9sek; &#8211; neves\u00edtetlen szerz\u0151d\u00e9sek, a felek [&hellip;]<\/p>\n","protected":false},"author":1,"featured_media":0,"parent":0,"menu_order":0,"comment_status":"closed","ping_status":"closed","template":"","meta":{"_et_pb_use_builder":"on","_et_pb_old_content":"<p><strong><span class=\"style3\">Concluding, developing, terminating civil contracts, respectively:<\/span><\/strong><br \/> - Act of sale regarding goods;<br \/> - Maintenance contracts and life annuity;<br \/> - exchange contracts;<br \/> - lease contracts;<br \/> - loan agreements;<br \/> - bailment agreement;<br \/> - unnamed, atypical contracts in relation to the party\u2019s claims.<\/p><p><strong><span class=\"style3\">Counseling and representation connected to contractual liability;<\/span><\/strong><br \/> - actions to determine the absolute or relative invalidity of contracts;<br \/> - actions in solution or canceling contracts;<\/p><p><strong><span class=\"style3\">Counseling and representation connected to tort liability<\/span><\/strong><\/p><p><strong><span class=\"style3\">Counseling and representation regarding the property right;<\/span><\/strong><br \/> - actions in real-estate claims;<br \/> - holder actions;<br \/> - retirement from joint ownership over real-estates (houses and lands);<br \/> - demarcation of land boundaries;<br \/> - constitute servitudes.<\/p><p><strong><span class=\"style3\">Actions and requests for recovery of entitlement laws:<\/span><\/strong><br \/> - actions in claims;<br \/> - payment requests;<br \/> - debt recovery.<\/p><p><strong><span class=\"style3\">Legal assistance for real-estate law enforcement;<\/span><\/strong><\/p>","footnotes":""},"class_list":["post-36074","page","type-page","status-publish","hentry"],"_links":{"self":[{"href":"https:\/\/avocor.trendmakers.ro\/hu\/wp-json\/wp\/v2\/pages\/36074","targetHints":{"allow":["GET"]}}],"collection":[{"href":"https:\/\/avocor.trendmakers.ro\/hu\/wp-json\/wp\/v2\/pages"}],"about":[{"href":"https:\/\/avocor.trendmakers.ro\/hu\/wp-json\/wp\/v2\/types\/page"}],"author":[{"embeddable":true,"href":"https:\/\/avocor.trendmakers.ro\/hu\/wp-json\/wp\/v2\/users\/1"}],"replies":[{"embeddable":true,"href":"https:\/\/avocor.trendmakers.ro\/hu\/wp-json\/wp\/v2\/comments?post=36074"}],"version-history":[{"count":11,"href":"https:\/\/avocor.trendmakers.ro\/hu\/wp-json\/wp\/v2\/pages\/36074\/revisions"}],"predecessor-version":[{"id":36422,"href":"https:\/\/avocor.trendmakers.ro\/hu\/wp-json\/wp\/v2\/pages\/36074\/revisions\/36422"}],"wp:attachment":[{"href":"https:\/\/avocor.trendmakers.ro\/hu\/wp-json\/wp\/v2\/media?parent=36074"}],"curies":[{"name":"wp","href":"https:\/\/api.w.org\/{rel}","templated":true}]}}