{"id":36081,"date":"2018-01-26T01:34:36","date_gmt":"2018-01-25T23:34:36","guid":{"rendered":"http:\/\/avocor.trendmakers.ro\/ceges-jog\/"},"modified":"2018-03-07T22:35:29","modified_gmt":"2018-03-07T20:35:29","slug":"ceges-jog","status":"publish","type":"page","link":"https:\/\/avocor.trendmakers.ro\/hu\/ceges-jog\/","title":{"rendered":"C\u00e9ges Jog"},"content":{"rendered":"<p>[et_pb_section bb_built=&#8221;1&#8243; _builder_version=&#8221;3.0.47&#8243;][et_pb_row _builder_version=&#8221;3.0.47&#8243; background_size=&#8221;initial&#8221; background_position=&#8221;top_left&#8221; background_repeat=&#8221;repeat&#8221;][et_pb_column type=&#8221;1_3&#8243;][et_pb_sidebar area=&#8221;et_pb_widget_area_1&#8243; _builder_version=&#8221;3.0.90&#8243; orientation=&#8221;left&#8221; show_border=&#8221;on&#8221; background_layout=&#8221;light&#8221; disabled=&#8221;off&#8221; disabled_on=&#8221;on||&#8221; border_style_all=&#8221;none&#8221; \/][\/et_pb_column][et_pb_column type=&#8221;2_3&#8243;][et_pb_text _builder_version=&#8221;3.0.90&#8243; background_size=&#8221;initial&#8221; background_position=&#8221;top_left&#8221; background_repeat=&#8221;repeat&#8221; background_layout=&#8221;light&#8221;]<\/p>\n<p><strong>C\u00e9ges Jog<\/strong><\/p>\n<p>&#8211; c\u00e9galap\u00edt\u00e1si tan\u00e1csad\u00e1s;<br \/>\n&#8211; c\u00e9galap\u00edt\u00e1s, fi\u00f3kc\u00e9gek, telephelyek;<br \/>\n&#8211; munkapontok l\u00e9trehoz\u00e1sa, enged\u00e9lyeztet\u00e9se;<br \/>\n&#8211; alap\u00edt\u00f3 okiratok elk\u00e9sz\u00edt\u00e9se;<br \/>\n&#8211; a dokumentum tartalm\u00e1nak, a felek szem\u00e9lyazonoss\u00e1g\u00e1nak valamint az id\u0151pontnak \u00fcgyv\u00e9di hiteles\u00edt\u00e9se;<br \/>\n&#8211; alap\u00edt\u00f3 okiratok v\u00e1ltoztat\u00e1sa, a v\u00e1ltoztat\u00e1s \u00e1tvezet\u00e9se a C\u00e9gb\u00edr\u00f3s\u00e1gon<br \/>\n(sz\u00e9khelym\u00f3dos\u00edt\u00e1s, elnevez\u00e9sm\u00f3dos\u00edt\u00e1s, tev\u00e9kenys\u00e9gi k\u00f6r\u00f6k, \u00fcgyvezet\u0151 kinevez\u00e9se, illetve cser\u00e9je,<br \/>\nsz\u00e1mvizsg\u00e1l\u00f3 bizotts\u00e1g kinevez\u00e9se, cser\u00e9je, m\u00f3dos\u00edt\u00e1sa, tulajdonosok kil\u00e9p\u00e9se, kiz\u00e1r\u00e1sa,<br \/>\nalapt\u0151ke n\u00f6vel\u00e9s illetve cs\u00f6kkent\u00e9s);<br \/>\n&#8211; taggy\u0171l\u00e9si hat\u00e1rozatok elk\u00e9sz\u00edt\u00e9se;<br \/>\n&#8211; a c\u00e9g m\u0171k\u00f6d\u00e9s\u00e9re vonatkoz\u00f3 tan\u00e1csad\u00e1s;<br \/>\n&#8211; r\u00e9szv\u00e9nyek, illetve \u00fczletr\u00e9szek \u00e1truh\u00e1z\u00e1s\u00e1ra vonatkoz\u00f3 tan\u00e1csad\u00e1s;<br \/>\n&#8211; a c\u00e9g felbont\u00e1s\u00e1ra, beolvad\u00e1s\u00e1ra, feloszt\u00e1s\u00e1ra vonatkoz\u00f3 tan\u00e1csad\u00e1s;<br \/>\n&#8211; c\u00e9gfelsz\u00e1mol\u00e1si tan\u00e1csad\u00e1s;<br \/>\n&#8211; cs\u0151delj\u00e1r\u00e1sra vonatkoz\u00f3 tan\u00e1csad\u00e1s;<br \/>\n&#8211; \u00fczleti k\u00f6zvet\u00edt\u00e9s.<\/p>\n<p>[\/et_pb_text][\/et_pb_column][\/et_pb_row][\/et_pb_section][et_pb_section bb_built=&#8221;1&#8243; module_id=&#8221;contact&#8221; module_class=&#8221;law law11&#8243; _builder_version=&#8221;3.0.88&#8243; custom_padding=&#8221;0px|0px|0px|0px&#8221; transparent_background=&#8221;off&#8221; padding_mobile=&#8221;on&#8221; global_module=&#8221;35173&#8243;][et_pb_row global_parent=&#8221;35173&#8243; make_fullwidth=&#8221;on&#8221; use_custom_gutter=&#8221;on&#8221; gutter_width=&#8221;0&#8243; custom_padding=&#8221;0px|0px|0px|0px&#8221; padding_mobile=&#8221;on&#8221; make_equal=&#8221;on&#8221; column_padding_mobile=&#8221;on&#8221; background_color_2=&#8221;#f3f3f3&#8243; bg_img_1=&#8221;http:\/\/avocor.trendmakers.ro\/wp-content\/uploads\/2017\/12\/Untitled-5.jpg&#8221; padding_top_1=&#8221;6vw&#8221; padding_right_1=&#8221;4vw&#8221; padding_bottom_1=&#8221;6vw&#8221; padding_left_1=&#8221;4vw&#8221; padding_top_2=&#8221;6vw&#8221; padding_right_2=&#8221;4vw&#8221; padding_bottom_2=&#8221;6vw&#8221; padding_left_2=&#8221;4vw&#8221; parallax_1=&#8221;on&#8221; parallax_method_2=&#8221;off&#8221; _builder_version=&#8221;3.0.90&#8243; parallax=&#8221;on&#8221; custom_margin_last_edited=&#8221;off|desktop&#8221;][et_pb_column type=&#8221;1_2&#8243;][et_pb_cta admin_label=&#8221;Contact&#8221; global_parent=&#8221;35173&#8243; use_background_color=&#8221;off&#8221; _builder_version=&#8221;3.0.47&#8243; header_font=&#8221;Montserrat|on|||&#8221; header_font_size=&#8221;36&#8243; header_font_size_tablet=&#8221;30&#8243; header_font_size_phone=&#8221;26&#8243; header_font_size_last_edited=&#8221;on|phone&#8221; header_text_color=&#8221;#ffffff&#8221; body_font=&#8221;Open Sans||||&#8221; body_font_size=&#8221;18&#8243; body_text_color=&#8221;#ffffff&#8221; body_line_height=&#8221;1.8em&#8221; background_size=&#8221;initial&#8221; background_position=&#8221;top_left&#8221; background_repeat=&#8221;repeat&#8221; text_orientation=&#8221;left&#8221; use_border_color=&#8221;off&#8221; border_color=&#8221;#ffffff&#8221; border_style=&#8221;solid&#8221;]<\/p>\n<p>L\u00e1togasson meg<\/p>\n<h2>C\u00cdM\u00dcNK<\/h2>\n<p>Enric Baader utca 1. sz\u00e1m, 20-as lak\u00e1s, 300073 Temesv\u00e1r (Timi\u0219oara), Rom\u00e1nia.<\/p>\n<h2>TELEFON<\/h2>\n<p>+40.722.354.394\u00a0 \u00a0 \u00a0 \u00a0 +40.743.630.529<\/p>\n<h2>MUNKAID\u0150<\/h2>\n<p>H\u00e9tf\u0151-P\u00e9ntek: 9\u201317<\/p>\n<p>[\/et_pb_cta][\/et_pb_column][et_pb_column type=&#8221;1_2&#8243;][et_pb_contact_form global_parent=&#8221;35173&#8243; title=&#8221;ONLINE ID\u0150PONTK\u00c9R\u00c9S&#8221; module_id=&#8221;et_pb_contact_form_0&#8243; _builder_version=&#8221;3.0.90&#8243; title_level=&#8221;h2&#8243; title_font=&#8221;|600|||||||&#8221; title_font_size=&#8221;30&#8243; title_text_color=&#8221;#21b097&#8243; form_field_font=&#8221;Open Sans||||&#8221; form_field_font_size=&#8221;16&#8243; form_field_text_color=&#8221;#444c50&#8243; border_radii=&#8221;on|0px|0px|0px|0px&#8221; border_color_all=&#8221;off&#8221; border_style_all=&#8221;solid&#8221; custom_button=&#8221;on&#8221; button_text_color=&#8221;#ffffff&#8221; button_bg_color=&#8221;#21b097&#8243; button_border_width=&#8221;0&#8243; button_border_radius=&#8221;0&#8243; button_font=&#8221;||||||||&#8221; button_use_icon=&#8221;default&#8221; use_border_color=&#8221;off&#8221; border_color=&#8221;#ffffff&#8221; border_style=&#8221;solid&#8221; input_border_radius=&#8221;0&#8243;]<\/p>\n<p>[et_pb_contact_field field_id=&#8221;N\u00e9v&#8221; field_title=&#8221;N\u00e9v&#8221; _builder_version=&#8221;3.0.47&#8243; border_radii=&#8221;on||||&#8221;][\/et_pb_contact_field][et_pb_contact_field field_id=&#8221;Email&#8221; field_title=&#8221;Az \u00d6n e-mail c\u00edme&#8221; field_type=&#8221;email&#8221; _builder_version=&#8221;3.0.88&#8243; border_radii=&#8221;on||||&#8221;][\/et_pb_contact_field][et_pb_contact_field field_id=&#8221;\u00dczenet&#8221; field_title=&#8221;\u00dczenet&#8221; field_type=&#8221;text&#8221; fullwidth_field=&#8221;on&#8221; _builder_version=&#8221;3.0.47&#8243; border_radii=&#8221;on||||&#8221;][\/et_pb_contact_field]<\/p>\n<p>[\/et_pb_contact_form][\/et_pb_column][\/et_pb_row][\/et_pb_section]<\/p>\n","protected":false},"excerpt":{"rendered":"<p>[et_pb_section bb_built=&#8221;1&#8243; _builder_version=&#8221;3.0.47&#8243;][et_pb_row _builder_version=&#8221;3.0.47&#8243; background_size=&#8221;initial&#8221; background_position=&#8221;top_left&#8221; background_repeat=&#8221;repeat&#8221;][et_pb_column type=&#8221;1_3&#8243;][et_pb_sidebar area=&#8221;et_pb_widget_area_1&#8243; _builder_version=&#8221;3.0.90&#8243; orientation=&#8221;left&#8221; show_border=&#8221;on&#8221; background_layout=&#8221;light&#8221; disabled=&#8221;off&#8221; disabled_on=&#8221;on||&#8221; border_style_all=&#8221;none&#8221; \/][\/et_pb_column][et_pb_column type=&#8221;2_3&#8243;][et_pb_text _builder_version=&#8221;3.0.90&#8243; background_size=&#8221;initial&#8221; background_position=&#8221;top_left&#8221; background_repeat=&#8221;repeat&#8221; background_layout=&#8221;light&#8221;] C\u00e9ges Jog &#8211; c\u00e9galap\u00edt\u00e1si tan\u00e1csad\u00e1s; &#8211; c\u00e9galap\u00edt\u00e1s, fi\u00f3kc\u00e9gek, telephelyek; &#8211; munkapontok l\u00e9trehoz\u00e1sa, enged\u00e9lyeztet\u00e9se; &#8211; alap\u00edt\u00f3 okiratok elk\u00e9sz\u00edt\u00e9se; &#8211; a dokumentum tartalm\u00e1nak, a felek szem\u00e9lyazonoss\u00e1g\u00e1nak valamint az id\u0151pontnak \u00fcgyv\u00e9di hiteles\u00edt\u00e9se; &#8211; alap\u00edt\u00f3 okiratok [&hellip;]<\/p>\n","protected":false},"author":1,"featured_media":0,"parent":0,"menu_order":0,"comment_status":"closed","ping_status":"closed","template":"","meta":{"_et_pb_use_builder":"on","_et_pb_old_content":"","footnotes":""},"class_list":["post-36081","page","type-page","status-publish","hentry"],"_links":{"self":[{"href":"https:\/\/avocor.trendmakers.ro\/hu\/wp-json\/wp\/v2\/pages\/36081","targetHints":{"allow":["GET"]}}],"collection":[{"href":"https:\/\/avocor.trendmakers.ro\/hu\/wp-json\/wp\/v2\/pages"}],"about":[{"href":"https:\/\/avocor.trendmakers.ro\/hu\/wp-json\/wp\/v2\/types\/page"}],"author":[{"embeddable":true,"href":"https:\/\/avocor.trendmakers.ro\/hu\/wp-json\/wp\/v2\/users\/1"}],"replies":[{"embeddable":true,"href":"https:\/\/avocor.trendmakers.ro\/hu\/wp-json\/wp\/v2\/comments?post=36081"}],"version-history":[{"count":14,"href":"https:\/\/avocor.trendmakers.ro\/hu\/wp-json\/wp\/v2\/pages\/36081\/revisions"}],"predecessor-version":[{"id":36472,"href":"https:\/\/avocor.trendmakers.ro\/hu\/wp-json\/wp\/v2\/pages\/36081\/revisions\/36472"}],"wp:attachment":[{"href":"https:\/\/avocor.trendmakers.ro\/hu\/wp-json\/wp\/v2\/media?parent=36081"}],"curies":[{"name":"wp","href":"https:\/\/api.w.org\/{rel}","templated":true}]}}