{"id":36109,"date":"2018-01-26T01:38:49","date_gmt":"2018-01-25T23:38:49","guid":{"rendered":"http:\/\/avocor.trendmakers.ro\/kintlevosegek-behajtasa\/"},"modified":"2018-03-07T22:30:15","modified_gmt":"2018-03-07T20:30:15","slug":"kintlevosegek-behajtasa","status":"publish","type":"page","link":"https:\/\/avocor.trendmakers.ro\/hu\/kintlevosegek-behajtasa\/","title":{"rendered":"Kintlev\u0151s\u00e9gek behajt\u00e1sa"},"content":{"rendered":"<p>[et_pb_section bb_built=&#8221;1&#8243; admin_label=&#8221;section&#8221; _builder_version=&#8221;3.0.47&#8243;][et_pb_row admin_label=&#8221;row&#8221; _builder_version=&#8221;3.0.47&#8243; background_size=&#8221;initial&#8221; background_position=&#8221;top_left&#8221; background_repeat=&#8221;repeat&#8221;][et_pb_column type=&#8221;1_3&#8243;][et_pb_sidebar area=&#8221;et_pb_widget_area_1&#8243; _builder_version=&#8221;3.0.90&#8243; orientation=&#8221;left&#8221; show_border=&#8221;on&#8221; background_layout=&#8221;light&#8221; disabled=&#8221;off&#8221; disabled_on=&#8221;on||&#8221; border_style_all=&#8221;none&#8221; \/][\/et_pb_column][et_pb_column type=&#8221;2_3&#8243;][et_pb_text _builder_version=&#8221;3.0.90&#8243; background_size=&#8221;initial&#8221; background_position=&#8221;top_left&#8221; background_repeat=&#8221;repeat&#8221; background_layout=&#8221;light&#8221;]<\/p>\n<p>Mivel az id\u0151 p\u00e9nzt jelent, a kintlev\u0151s\u00e9geket aj\u00e1nlatos min\u00e9l hamarabb behajtatni. Ha specializ\u00e1lt irod\u00e1hoz fordul, k\u00f6vetel\u00e9sbehajt\u00e1si es\u00e9lye jelent\u0151sen n\u00f6vekedik.<\/p>\n<p>A k\u00f6vetel\u00e9sek behajt\u00e1sa egy komplex tev\u00e9kenys\u00e9get jelent, amelyben a meghat\u00e1roz\u00f3 elemek:<br \/>\njogi ismeretek, pszichikai adotts\u00e1gok valamint gazdas\u00e1gi ismeretek.<\/p>\n<p>Amennyiben egy szakosodott irod\u00e1hoz fordul, mindehhez hozz\u00e1f\u00e9r\u00e9st nyer.<br \/>\nEgy\u00e9bk\u00e9nt a gazdas\u00e1gi t\u00e1rsas\u00e1gok \u00fcgyvezet\u0151inek t\u00f6rv\u00e9ny \u00e1ltal el\u0151\u00edrt k\u00f6telezetts\u00e9ge,<br \/>\nhogy megtegyen minden olyan l\u00e9p\u00e9st, ami a k\u00f6vetel\u00e9sek miel\u0151bbi behajt\u00e1s\u00e1hoz vezet.<\/p>\n<p>Ha a k\u00f6vetel\u00e9s behajt\u00e1s\u00e1t egy szakosodott irod\u00e1ra b\u00edzza, akkor az \u00fcgyvezet\u0151 idej\u00e9t \u00e9s<br \/>\nenergi\u00e1j\u00e1t a gazdas\u00e1gi tev\u00e9kenys\u00e9g fejleszt\u00e9s\u00e9re ford\u00edthatja.<\/p>\n<p>Amennyiben behajtand\u00f3 kintlev\u0151s\u00e9g\u00fck van, a mell\u00e9kelt e-mail c\u00edmre, faxon, illetve post\u00e1n elk\u00fcldhetik a vonatkoz\u00f3 dokument\u00e1ci\u00f3t, \u00e9s egyik munkat\u00e1rsunk felveszi \u00d6n\u00f6kkel a kapcsolatot a tov\u00e1bbi \u00fcgyint\u00e9z\u00e9s \u00e9rdek\u00e9ben.<br \/>\nSzolg\u00e1ltat\u00e1sainkra \u00e1raj\u00e1nlatot a dokument\u00e1ci\u00f3 ismeret\u00e9ben tudunk adni.<\/p>\n<p><strong>K\u00f6vetel\u00e9s behajt\u00e1s\u00e1ra ir\u00e1nyul\u00f3 tev\u00e9kenys\u00e9gek:<br \/>\n&#8211;<\/strong> Az ad\u00f3s azonos\u00edt\u00e1sa;<br \/>\n&#8211; Az ad\u00f3s felsz\u00f3l\u00edt\u00e1sa;<br \/>\n&#8211; Az ad\u00f3s telefonon val\u00f3 \u00e9rtes\u00edt\u00e9se a kintlev\u0151s\u00e9grendez\u00e9ssel kapcsolatban;<br \/>\n&#8211; El\u0151zetes k\u00f6telez\u0151 egyeztet\u00e9sre val\u00f3 megh\u00edv\u00e1s<br \/>\n&#8211; Peres elj\u00e1r\u00e1s folytat\u00e1sa \u00e9s a joger\u0151s v\u00e9gz\u00e9s v\u00e9grehajt\u00e1sa;<br \/>\n&#8211; \u00dcgyv\u00e9di irod\u00e1nk a k\u00f6vetel\u00e9sek v\u00e9grehajt\u00e1s\u00e1ra vonatkoz\u00f3 sok\u00e9ves tapasztalattal rendelkezik.<\/p>\n<h6><em>Minden esetben az \u00fcgyv\u00e9di titoktart\u00e1s k\u00f6telezetts\u00e9g\u00e9t tiszteletben tartjuk<\/em><\/h6>\n<p>[\/et_pb_text][\/et_pb_column][\/et_pb_row][\/et_pb_section][et_pb_section bb_built=&#8221;1&#8243; module_id=&#8221;contact&#8221; module_class=&#8221;law law11&#8243; _builder_version=&#8221;3.0.88&#8243; custom_padding=&#8221;0px|0px|0px|0px&#8221; transparent_background=&#8221;off&#8221; padding_mobile=&#8221;on&#8221; global_module=&#8221;35173&#8243;][et_pb_row global_parent=&#8221;35173&#8243; make_fullwidth=&#8221;on&#8221; use_custom_gutter=&#8221;on&#8221; gutter_width=&#8221;0&#8243; custom_padding=&#8221;0px|0px|0px|0px&#8221; padding_mobile=&#8221;on&#8221; make_equal=&#8221;on&#8221; column_padding_mobile=&#8221;on&#8221; background_color_2=&#8221;#f3f3f3&#8243; bg_img_1=&#8221;http:\/\/avocor.trendmakers.ro\/wp-content\/uploads\/2017\/12\/Untitled-5.jpg&#8221; padding_top_1=&#8221;6vw&#8221; padding_right_1=&#8221;4vw&#8221; padding_bottom_1=&#8221;6vw&#8221; padding_left_1=&#8221;4vw&#8221; padding_top_2=&#8221;6vw&#8221; padding_right_2=&#8221;4vw&#8221; padding_bottom_2=&#8221;6vw&#8221; padding_left_2=&#8221;4vw&#8221; parallax_1=&#8221;on&#8221; parallax_method_2=&#8221;off&#8221; _builder_version=&#8221;3.0.90&#8243; parallax=&#8221;on&#8221; custom_margin_last_edited=&#8221;off|desktop&#8221;][et_pb_column type=&#8221;1_2&#8243;][et_pb_cta admin_label=&#8221;Contact&#8221; global_parent=&#8221;35173&#8243; use_background_color=&#8221;off&#8221; _builder_version=&#8221;3.0.47&#8243; header_font=&#8221;Montserrat|on|||&#8221; header_font_size=&#8221;36&#8243; header_font_size_tablet=&#8221;30&#8243; header_font_size_phone=&#8221;26&#8243; header_font_size_last_edited=&#8221;on|phone&#8221; header_text_color=&#8221;#ffffff&#8221; body_font=&#8221;Open Sans||||&#8221; body_font_size=&#8221;18&#8243; body_text_color=&#8221;#ffffff&#8221; body_line_height=&#8221;1.8em&#8221; background_size=&#8221;initial&#8221; background_position=&#8221;top_left&#8221; background_repeat=&#8221;repeat&#8221; text_orientation=&#8221;left&#8221; use_border_color=&#8221;off&#8221; border_color=&#8221;#ffffff&#8221; border_style=&#8221;solid&#8221;]<\/p>\n<p>L\u00e1togasson meg<\/p>\n<h2>C\u00cdM\u00dcNK<\/h2>\n<p>Enric Baader utca 1. sz\u00e1m, 20-as lak\u00e1s, 300073 Temesv\u00e1r (Timi\u0219oara), Rom\u00e1nia.<\/p>\n<h2>TELEFON<\/h2>\n<p>+40.722.354.394\u00a0 \u00a0 \u00a0 \u00a0 +40.743.630.529<\/p>\n<h2>MUNKAID\u0150<\/h2>\n<p>H\u00e9tf\u0151-P\u00e9ntek: 9\u201317<\/p>\n<p>[\/et_pb_cta][\/et_pb_column][et_pb_column type=&#8221;1_2&#8243;][et_pb_contact_form global_parent=&#8221;35173&#8243; title=&#8221;ONLINE ID\u0150PONTK\u00c9R\u00c9S&#8221; module_id=&#8221;et_pb_contact_form_0&#8243; _builder_version=&#8221;3.0.90&#8243; title_level=&#8221;h2&#8243; title_font=&#8221;|600|||||||&#8221; title_font_size=&#8221;30&#8243; title_text_color=&#8221;#21b097&#8243; form_field_font=&#8221;Open Sans||||&#8221; form_field_font_size=&#8221;16&#8243; form_field_text_color=&#8221;#444c50&#8243; border_radii=&#8221;on|0px|0px|0px|0px&#8221; border_color_all=&#8221;off&#8221; border_style_all=&#8221;solid&#8221; custom_button=&#8221;on&#8221; button_text_color=&#8221;#ffffff&#8221; button_bg_color=&#8221;#21b097&#8243; button_border_width=&#8221;0&#8243; button_border_radius=&#8221;0&#8243; button_font=&#8221;||||||||&#8221; button_use_icon=&#8221;default&#8221; use_border_color=&#8221;off&#8221; border_color=&#8221;#ffffff&#8221; border_style=&#8221;solid&#8221; input_border_radius=&#8221;0&#8243;]<\/p>\n<p>[et_pb_contact_field field_id=&#8221;N\u00e9v&#8221; field_title=&#8221;N\u00e9v&#8221; _builder_version=&#8221;3.0.47&#8243; border_radii=&#8221;on||||&#8221;][\/et_pb_contact_field][et_pb_contact_field field_id=&#8221;Email&#8221; field_title=&#8221;Az \u00d6n e-mail c\u00edme&#8221; field_type=&#8221;email&#8221; _builder_version=&#8221;3.0.88&#8243; border_radii=&#8221;on||||&#8221;][\/et_pb_contact_field][et_pb_contact_field field_id=&#8221;\u00dczenet&#8221; field_title=&#8221;\u00dczenet&#8221; field_type=&#8221;text&#8221; fullwidth_field=&#8221;on&#8221; _builder_version=&#8221;3.0.47&#8243; border_radii=&#8221;on||||&#8221;][\/et_pb_contact_field]<\/p>\n<p>[\/et_pb_contact_form][\/et_pb_column][\/et_pb_row][\/et_pb_section]<\/p>\n","protected":false},"excerpt":{"rendered":"<p>[et_pb_section bb_built=&#8221;1&#8243; admin_label=&#8221;section&#8221; _builder_version=&#8221;3.0.47&#8243;][et_pb_row admin_label=&#8221;row&#8221; _builder_version=&#8221;3.0.47&#8243; background_size=&#8221;initial&#8221; background_position=&#8221;top_left&#8221; background_repeat=&#8221;repeat&#8221;][et_pb_column type=&#8221;1_3&#8243;][et_pb_sidebar area=&#8221;et_pb_widget_area_1&#8243; _builder_version=&#8221;3.0.90&#8243; orientation=&#8221;left&#8221; show_border=&#8221;on&#8221; background_layout=&#8221;light&#8221; disabled=&#8221;off&#8221; disabled_on=&#8221;on||&#8221; border_style_all=&#8221;none&#8221; \/][\/et_pb_column][et_pb_column type=&#8221;2_3&#8243;][et_pb_text _builder_version=&#8221;3.0.90&#8243; background_size=&#8221;initial&#8221; background_position=&#8221;top_left&#8221; background_repeat=&#8221;repeat&#8221; background_layout=&#8221;light&#8221;] Mivel az id\u0151 p\u00e9nzt jelent, a kintlev\u0151s\u00e9geket aj\u00e1nlatos min\u00e9l hamarabb behajtatni. Ha specializ\u00e1lt irod\u00e1hoz fordul, k\u00f6vetel\u00e9sbehajt\u00e1si es\u00e9lye jelent\u0151sen n\u00f6vekedik. A k\u00f6vetel\u00e9sek behajt\u00e1sa egy komplex tev\u00e9kenys\u00e9get jelent, amelyben a meghat\u00e1roz\u00f3 elemek: [&hellip;]<\/p>\n","protected":false},"author":1,"featured_media":0,"parent":0,"menu_order":0,"comment_status":"closed","ping_status":"closed","template":"","meta":{"_et_pb_use_builder":"on","_et_pb_old_content":"Because\u00a0<span class=\"style6\">\u201ctime is money\u201d<\/span>, initiate the proceeding for recovery of debts. Turn to the services of specialists to increase your chances of success and to recover your money in a short time.\r\n\r\nThe services for recovery of debts consist of a complex of determining factors, from various fields: law, psychological aptitudes, economic abilities... Appeal to a specialized cabinet in recover debts and you\u2019ll have access to all these.\r\n\r\nThe managers of companies have the statutory obligation to initiate the proceedings for recovery of debts. Relieve yourself from this task and access the qualified services for recovery of debts. In this way you\u2019ll have more time to develop your own business.\r\n\r\nThe birth of a debt implies the existence of two entities, natural persons and\/or legal persons\u00a0 in collaboration relations, partnership, economic, etc, relations, as result of which one of the entities suffered a patrimonial prejudice in goods, services or money, prejudice which needs fixing.\r\nSend the documents which prove your debt by fax, e-mail or mail according to the data within the agreement, and one of our specialists will contact you in the shortest time.\r\n\r\n<span class=\"style3\">The recuperator:<\/span>\r\n- is not allowed to harass, to offense or to abuse the debtor or any other implied third party\r\n- is not allowed to threaten, violently or using an obscene language;\r\n- is not allowed to misinform the debtor regarding the proceedings for recovery of the debts, such as:\r\nthe value of the debt, the gravity of the action, legal ground of undertaken actions,\r\nresults of the performed actions.\r\n<p class=\"style3\">Specific Activities:<\/p>\r\n<p class=\"style3\"><strong>\u00a0 \u00a0 - Identification of debtors.<\/strong>\r\n- Notification of debtors.\r\n- Telephonic contact of debtors.\r\n- Meetings for direct conciliation of debtors.\r\n- Proceedings at the Courts of Law for obtaining executory titles.\r\n- Assistance and representation in all Courts of Law by attorneys with a vast experience in the field\r\nof recovery of debts, commercial law, banking etc.\r\n- Contractual confidentiality.<\/p>","footnotes":""},"class_list":["post-36109","page","type-page","status-publish","hentry"],"_links":{"self":[{"href":"https:\/\/avocor.trendmakers.ro\/hu\/wp-json\/wp\/v2\/pages\/36109","targetHints":{"allow":["GET"]}}],"collection":[{"href":"https:\/\/avocor.trendmakers.ro\/hu\/wp-json\/wp\/v2\/pages"}],"about":[{"href":"https:\/\/avocor.trendmakers.ro\/hu\/wp-json\/wp\/v2\/types\/page"}],"author":[{"embeddable":true,"href":"https:\/\/avocor.trendmakers.ro\/hu\/wp-json\/wp\/v2\/users\/1"}],"replies":[{"embeddable":true,"href":"https:\/\/avocor.trendmakers.ro\/hu\/wp-json\/wp\/v2\/comments?post=36109"}],"version-history":[{"count":11,"href":"https:\/\/avocor.trendmakers.ro\/hu\/wp-json\/wp\/v2\/pages\/36109\/revisions"}],"predecessor-version":[{"id":36456,"href":"https:\/\/avocor.trendmakers.ro\/hu\/wp-json\/wp\/v2\/pages\/36109\/revisions\/36456"}],"wp:attachment":[{"href":"https:\/\/avocor.trendmakers.ro\/hu\/wp-json\/wp\/v2\/media?parent=36109"}],"curies":[{"name":"wp","href":"https:\/\/api.w.org\/{rel}","templated":true}]}}