{"id":36292,"date":"2018-02-20T10:33:32","date_gmt":"2018-02-20T08:33:32","guid":{"rendered":"http:\/\/avocor.trendmakers.ro\/adossagok-atutemezese-a-csodeljaras-elkerulese-erdekeben\/"},"modified":"2018-03-07T22:30:29","modified_gmt":"2018-03-07T20:30:29","slug":"adossagok-atutemezese-a-csodeljaras-elkerulese-erdekeben","status":"publish","type":"page","link":"https:\/\/avocor.trendmakers.ro\/hu\/adossagok-atutemezese-a-csodeljaras-elkerulese-erdekeben\/","title":{"rendered":"Ad\u00f3ss\u00e1gok \u00e1t\u00fctemez\u00e9se a Cs\u0151delj\u00e1r\u00e1s elker\u00fcl\u00e9se \u00e9rdek\u00e9ben"},"content":{"rendered":"<p>[et_pb_section bb_built=&#8221;1&#8243; _builder_version=&#8221;3.0.47&#8243; next_background_color=&#8221;#000000&#8243;][et_pb_row _builder_version=&#8221;3.0.47&#8243; background_size=&#8221;initial&#8221; background_position=&#8221;top_left&#8221; background_repeat=&#8221;repeat&#8221;][et_pb_column type=&#8221;1_3&#8243;][et_pb_sidebar area=&#8221;et_pb_widget_area_1&#8243; _builder_version=&#8221;3.0.90&#8243; orientation=&#8221;left&#8221; show_border=&#8221;on&#8221; background_layout=&#8221;light&#8221; disabled=&#8221;off&#8221; disabled_on=&#8221;on||&#8221; border_style_all=&#8221;none&#8221; \/][\/et_pb_column][et_pb_column type=&#8221;2_3&#8243;][et_pb_text _builder_version=&#8221;3.0.90&#8243; background_size=&#8221;initial&#8221; background_position=&#8221;top_left&#8221; background_repeat=&#8221;repeat&#8221; background_layout=&#8221;light&#8221;]<br \/>\n<strong>Ad\u00f3ss\u00e1gok \u00e1t\u00fctemez\u00e9se a Cs\u0151delj\u00e1r\u00e1s elker\u00fcl\u00e9se \u00e9rdek\u00e9ben<\/strong><\/p>\n<p>Amennyiben egy c\u00e9g el akarja ker\u00fclni a cs\u0151delj\u00e1r\u00e1st, \u00e9s hajland\u00f3s\u00e1got mutat ad\u00f3ss\u00e1gainak rendez\u00e9s\u00e9re, a t\u00f6rv\u00e9ny megadja a lehet\u0151s\u00e9get egy el\u0151zetes elj\u00e1r\u00e1s keret\u00e9n bel\u00fcl, arra, hogy \u00e1t\u00fctemezze ad\u00f3ss\u00e1gait, meghat\u00e1rozott terv alapj\u00e1n, amelyet a hitelez\u0151k el kell fogadjanak.<\/p>\n<p>A hitelez\u0151k meg kell gy\u0151z\u0151djenek arr\u00f3l, hogy az \u00e1t\u00fctemez\u00e9si terv m\u0171k\u00f6d\u0151k\u00e9pes, \u00e9s a terv elfogad\u00e1s\u00e1val nagyobb es\u00e9ly\u00fck van arra, hogy hozz\u00e1jussanak a kintlev\u0151s\u00e9geikhez, mint abban az esetben, ha az ad\u00f3st cs\u0151delj\u00e1r\u00e1sba k\u00e9nyszer\u00edtik.<\/p>\n<p>Konkr\u00e9tan, egy szerz\u0151d\u00e9s k\u00f6ttetik az ad\u00f3s \u00e9s az elfogadott \u00f6ssztartoz\u00e1s minimum k\u00e9t harmad\u00e1t k\u00e9pvisel\u0151 hitelez\u0151k k\u00f6z\u00f6tt, amelyben az ad\u00f3s egy \u00fctemtervet aj\u00e1nl a hitelez\u0151knek, elfogad\u00e1sra, azok pedig t\u00e1mogatj\u00e1k az ad\u00f3st a neh\u00e9z fizet\u00e9si helyzet kik\u00fcsz\u00f6b\u00f6l\u00e9s\u00e9ben.<\/p>\n<p>Ezt a k\u00fcl\u00f6nleges \u00e1t\u00fctemez\u00e9si elj\u00e1r\u00e1st b\u00e1rmelyik ad\u00f3s haszn\u00e1lhatja, kiv\u00e9telt k\u00e9peznek azok a c\u00e9gek, amelyeknek ad\u00f3nyilv\u00e1ntart\u00e1s\u00e1ban kih\u00e1g\u00e1sok szerepelnek, vagy amelyek ellen, az \u00e1t\u00fctemez\u00e9si tervezet el\u0151tti 5 \u00e9vben cs\u0151delj\u00e1r\u00e1s indult.<\/p>\n<p>[\/et_pb_text][\/et_pb_column][\/et_pb_row][\/et_pb_section][et_pb_section bb_built=&#8221;1&#8243; module_id=&#8221;contact&#8221; module_class=&#8221;law law11&#8243; _builder_version=&#8221;3.0.88&#8243; custom_padding=&#8221;0px|0px|0px|0px&#8221; transparent_background=&#8221;off&#8221; padding_mobile=&#8221;on&#8221; prev_background_color=&#8221;#000000&#8243; global_module=&#8221;35173&#8243;][et_pb_row global_parent=&#8221;35173&#8243; make_fullwidth=&#8221;on&#8221; use_custom_gutter=&#8221;on&#8221; custom_padding=&#8221;0px|0px|0px|0px&#8221; padding_mobile=&#8221;on&#8221; make_equal=&#8221;on&#8221; column_padding_mobile=&#8221;on&#8221; background_color_2=&#8221;#f3f3f3&#8243; bg_img_1=&#8221;http:\/\/avocor.trendmakers.ro\/wp-content\/uploads\/2018\/01\/address3.jpg&#8221; padding_top_1=&#8221;6vw&#8221; padding_right_1=&#8221;4vw&#8221; padding_bottom_1=&#8221;6vw&#8221; padding_left_1=&#8221;4vw&#8221; padding_top_2=&#8221;6vw&#8221; padding_right_2=&#8221;4vw&#8221; padding_bottom_2=&#8221;6vw&#8221; padding_left_2=&#8221;4vw&#8221; parallax_1=&#8221;on&#8221; parallax_method_2=&#8221;off&#8221; _builder_version=&#8221;3.0.93&#8243; parallax=&#8221;on&#8221; custom_margin_last_edited=&#8221;off|desktop&#8221;][et_pb_column type=&#8221;1_2&#8243;][et_pb_cta admin_label=&#8221;Contact&#8221; global_parent=&#8221;35173&#8243; use_background_color=&#8221;off&#8221; _builder_version=&#8221;3.0.93&#8243; header_font=&#8221;Montserrat|on|||&#8221; header_font_size=&#8221;36&#8243; header_font_size_tablet=&#8221;30&#8243; header_font_size_phone=&#8221;26&#8243; header_font_size_last_edited=&#8221;on|phone&#8221; header_text_color=&#8221;#ffffff&#8221; body_font=&#8221;Open Sans||||&#8221; body_font_size=&#8221;18&#8243; body_text_color=&#8221;#ffffff&#8221; body_line_height=&#8221;1.8em&#8221; background_size=&#8221;initial&#8221; background_position=&#8221;top_left&#8221; background_repeat=&#8221;repeat&#8221; text_orientation=&#8221;left&#8221; use_border_color=&#8221;off&#8221; border_color=&#8221;#ffffff&#8221; border_style=&#8221;solid&#8221;]<\/p>\n<div class=\"&quot;&quot;et_pb_promo&quot;\">\n<div class=\"&quot;&quot;et_pb_promo_description&quot;&quot;\">\n<p>L\u00e1togasson meg<\/p>\n<h2>C\u00cdM\u00dcNK<\/h2>\n<p>Enric Baader utca 1. sz\u00e1m, 20-as lak\u00e1s, 300073 Temesv\u00e1r (Timi\u0219oara), Rom\u00e1nia.<\/p>\n<h2>TELEFON<\/h2>\n<p>+40.722.354.394\u00a0 \u00a0 \u00a0 \u00a0 +40.743.630.529<\/p>\n<h2>MUNKAID\u0150<\/h2>\n<p>H\u00e9tf\u0151-P\u00e9ntek: 9\u201317<\/p>\n<\/div>\n<\/div>\n<p>[\/et_pb_cta][\/et_pb_column][et_pb_column type=&#8221;1_2&#8243;][et_pb_contact_form global_parent=&#8221;35173&#8243; title=&#8221;ONLINE ID\u0150PONTK\u00c9R\u00c9S&#8221; module_id=&#8221;et_pb_contact_form_0&#8243; _builder_version=&#8221;3.0.90&#8243; title_level=&#8221;h2&#8243; title_font=&#8221;|600|||||||&#8221; title_font_size=&#8221;30&#8243; title_text_color=&#8221;#21b097&#8243; form_field_font=&#8221;Open Sans||||&#8221; form_field_font_size=&#8221;16&#8243; form_field_text_color=&#8221;#444c50&#8243; border_radii=&#8221;on|0px|0px|0px|0px&#8221; border_color_all=&#8221;off&#8221; border_style_all=&#8221;solid&#8221; custom_button=&#8221;on&#8221; button_text_color=&#8221;#ffffff&#8221; button_bg_color=&#8221;#21b097&#8243; button_border_width=&#8221;0&#8243; button_border_radius=&#8221;0&#8243; button_font=&#8221;||||||||&#8221; button_use_icon=&#8221;default&#8221; use_border_color=&#8221;off&#8221; border_color=&#8221;#ffffff&#8221; border_style=&#8221;solid&#8221; input_border_radius=&#8221;0&#8243;][et_pb_contact_field field_id=&#8221;N\u00e9v&#8221; field_title=&#8221;N\u00e9v&#8221; _builder_version=&#8221;3.0.47&#8243; border_radii=&#8221;on||||&#8221;][\/et_pb_contact_field][et_pb_contact_field field_id=&#8221;Email&#8221; field_title=&#8221;Az \u00d6n e-mail c\u00edme&#8221; field_type=&#8221;email&#8221; _builder_version=&#8221;3.0.88&#8243; border_radii=&#8221;on||||&#8221;][\/et_pb_contact_field][et_pb_contact_field field_id=&#8221;\u00dczenet&#8221; field_title=&#8221;\u00dczenet&#8221; field_type=&#8221;text&#8221; fullwidth_field=&#8221;on&#8221; _builder_version=&#8221;3.0.47&#8243; border_radii=&#8221;on||||&#8221;][\/et_pb_contact_field][\/et_pb_contact_form][\/et_pb_column][\/et_pb_row][\/et_pb_section]<\/p>\n","protected":false},"excerpt":{"rendered":"<p>[et_pb_section bb_built=&#8221;1&#8243; _builder_version=&#8221;3.0.47&#8243; next_background_color=&#8221;#000000&#8243;][et_pb_row _builder_version=&#8221;3.0.47&#8243; background_size=&#8221;initial&#8221; background_position=&#8221;top_left&#8221; background_repeat=&#8221;repeat&#8221;][et_pb_column type=&#8221;1_3&#8243;][et_pb_sidebar area=&#8221;et_pb_widget_area_1&#8243; _builder_version=&#8221;3.0.90&#8243; orientation=&#8221;left&#8221; show_border=&#8221;on&#8221; background_layout=&#8221;light&#8221; disabled=&#8221;off&#8221; disabled_on=&#8221;on||&#8221; border_style_all=&#8221;none&#8221; \/][\/et_pb_column][et_pb_column type=&#8221;2_3&#8243;][et_pb_text _builder_version=&#8221;3.0.90&#8243; background_size=&#8221;initial&#8221; background_position=&#8221;top_left&#8221; background_repeat=&#8221;repeat&#8221; background_layout=&#8221;light&#8221;] Ad\u00f3ss\u00e1gok \u00e1t\u00fctemez\u00e9se a Cs\u0151delj\u00e1r\u00e1s elker\u00fcl\u00e9se \u00e9rdek\u00e9ben Amennyiben egy c\u00e9g el akarja ker\u00fclni a cs\u0151delj\u00e1r\u00e1st, \u00e9s hajland\u00f3s\u00e1got mutat ad\u00f3ss\u00e1gainak rendez\u00e9s\u00e9re, a t\u00f6rv\u00e9ny megadja a lehet\u0151s\u00e9get egy el\u0151zetes elj\u00e1r\u00e1s keret\u00e9n bel\u00fcl, arra, hogy [&hellip;]<\/p>\n","protected":false},"author":1,"featured_media":0,"parent":0,"menu_order":0,"comment_status":"closed","ping_status":"closed","template":"","meta":{"_et_pb_use_builder":"on","_et_pb_old_content":"","footnotes":""},"class_list":["post-36292","page","type-page","status-publish","hentry"],"_links":{"self":[{"href":"https:\/\/avocor.trendmakers.ro\/hu\/wp-json\/wp\/v2\/pages\/36292","targetHints":{"allow":["GET"]}}],"collection":[{"href":"https:\/\/avocor.trendmakers.ro\/hu\/wp-json\/wp\/v2\/pages"}],"about":[{"href":"https:\/\/avocor.trendmakers.ro\/hu\/wp-json\/wp\/v2\/types\/page"}],"author":[{"embeddable":true,"href":"https:\/\/avocor.trendmakers.ro\/hu\/wp-json\/wp\/v2\/users\/1"}],"replies":[{"embeddable":true,"href":"https:\/\/avocor.trendmakers.ro\/hu\/wp-json\/wp\/v2\/comments?post=36292"}],"version-history":[{"count":13,"href":"https:\/\/avocor.trendmakers.ro\/hu\/wp-json\/wp\/v2\/pages\/36292\/revisions"}],"predecessor-version":[{"id":36459,"href":"https:\/\/avocor.trendmakers.ro\/hu\/wp-json\/wp\/v2\/pages\/36292\/revisions\/36459"}],"wp:attachment":[{"href":"https:\/\/avocor.trendmakers.ro\/hu\/wp-json\/wp\/v2\/media?parent=36292"}],"curies":[{"name":"wp","href":"https:\/\/api.w.org\/{rel}","templated":true}]}}