{"id":36299,"date":"2018-02-20T10:38:04","date_gmt":"2018-02-20T08:38:04","guid":{"rendered":"http:\/\/avocor.trendmakers.ro\/elerhetosegunk\/"},"modified":"2018-03-07T21:43:39","modified_gmt":"2018-03-07T19:43:39","slug":"elerhetosegunk","status":"publish","type":"page","link":"https:\/\/avocor.trendmakers.ro\/hu\/elerhetosegunk\/","title":{"rendered":"El\u00e9rhet\u0151s\u00e9g\u00fcnk"},"content":{"rendered":"<p>[et_pb_section fb_built=&#8221;1&#8243; fullwidth=&#8221;on&#8221; _builder_version=&#8221;3.0.47&#8243;][et_pb_fullwidth_map address=&#8221;Strada Enric Baader 1, Timi\u0219oara, Romania&#8221; zoom_level=&#8221;16&#8243; address_lat=&#8221;45.762096&#8243; address_lng=&#8221;21.245345000000043&#8243; _builder_version=&#8221;3.0.88&#8243;][et_pb_map_pin title=&#8221;Varga &amp; Molnar Law Office&#8221; pin_address=&#8221;Strada Enric Baader 1, Timi\u0219oara, Romania&#8221; pin_address_lat=&#8221;45.76235796937448&#8243; pin_address_lng=&#8221;21.244325760574384&#8243; _builder_version=&#8221;3.0.88&#8243;]Irod\u00e1nk az Enric Baader utca 1. sz\u00e1m 2. emelet 20 alatt tal\u00e1lhat\u00f3. Ha aut\u00f3val \u00e9rkezik, az \u201d\u00c9gt\u00e1jak\u201d nev\u0171 k\u00f6rforgalomt\u00f3l a Lugosi \u00fat fel\u00e9 forduljon, a Take Ionescu sug\u00e1r\u00faton, miut\u00e1n elhaladt a Temes megyei Rend\u0151r-f\u0151kapit\u00e1nys\u00e1g sz\u00e9kh\u00e1za mellett, jelezzen balra, majd, az els\u0151 lehet\u0151s\u00e9gn\u00e9l forduljon balra \u00e9s hajtson be Enric Baader utc\u00e1ba. Az Enric Baader utca egyir\u00e1ny\u00fa. Amint behajt az utc\u00e1ba, az \u00fat bal oldal\u00e1n parkol\u00f3helyek tal\u00e1lhat\u00f3ak. Abban az esetben, ha nem tal\u00e1l egy parkol\u00f3helyet, akkor hajtson be az els\u0151 udvarba, amely hat h\u00e1z k\u00f6z\u00f6tt helyezkedik el, bele\u00e9rtve a Baader 1-et is. A Take Ionescu sug\u00e1r\u00faton k\u00edv\u00fcl nincs parkol\u00e1si d\u00edj.<br \/>\n[\/et_pb_map_pin][\/et_pb_fullwidth_map][\/et_pb_section][et_pb_section fb_built=&#8221;1&#8243; _builder_version=&#8221;3.0.47&#8243;][et_pb_row gutter_width=&#8221;2&#8243; _builder_version=&#8221;3.0.105&#8243; background_size=&#8221;initial&#8221; background_position=&#8221;top_left&#8221; background_repeat=&#8221;repeat&#8221; use_custom_gutter=&#8221;on&#8221;][et_pb_column type=&#8221;2_3&#8243; _builder_version=&#8221;3.0.47&#8243; parallax=&#8221;off&#8221; parallax_method=&#8221;on&#8221;][et_pb_contact_form captcha=&#8221;off&#8221; title=&#8221;Kapcsolatfelv\u00e9tel&#8221; module_id=&#8221;et_pb_contact_form_0&#8243; _builder_version=&#8221;3.0.47&#8243;][et_pb_contact_field field_id=&#8221;N\u00e9v&#8221; field_title=&#8221;N\u00e9v&#8221; _builder_version=&#8221;3.0.47&#8243; border_radii=&#8221;on||||&#8221;][\/et_pb_contact_field][et_pb_contact_field field_id=&#8221;Email&#8221; field_title=&#8221;E-mail c\u00edm&#8221; field_type=&#8221;email&#8221; _builder_version=&#8221;3.0.47&#8243; border_radii=&#8221;on||||&#8221;][\/et_pb_contact_field][et_pb_contact_field field_id=&#8221;\u00dczenet&#8221; field_title=&#8221;\u00dczenet&#8221; field_type=&#8221;text&#8221; fullwidth_field=&#8221;on&#8221; _builder_version=&#8221;3.0.47&#8243; border_radii=&#8221;on||||&#8221;][\/et_pb_contact_field][\/et_pb_contact_form][\/et_pb_column][et_pb_column type=&#8221;1_3&#8243; _builder_version=&#8221;3.0.47&#8243; parallax=&#8221;off&#8221; parallax_method=&#8221;on&#8221;][et_pb_text _builder_version=&#8221;3.0.90&#8243; background_size=&#8221;initial&#8221; background_position=&#8221;top_left&#8221; background_repeat=&#8221;repeat&#8221; module_alignment=&#8221;left&#8221;]<strong>C\u00cdM\u00dcNK<\/strong><br \/>\nEnric Baader utca 1. sz\u00e1m, 20-as lak\u00e1s, 300073 Temesv\u00e1r (Timi\u0219oara), Rom\u00e1nia.<\/p>\n<p><strong>TELEFON<\/strong><br \/>\n+40.722.354.394 +40.743.630.529<\/p>\n<p>Irod\u00e1nk az Enric Baader utca 1. sz\u00e1m 2. emelet 20 alatt tal\u00e1lhat\u00f3. Ha aut\u00f3val \u00e9rkezik, az \u201d\u00c9gt\u00e1jak\u201d nev\u0171 k\u00f6rforgalomt\u00f3l a Calea Lugojului fel\u00e9 forduljon, a Take Ionescu sug\u00e1r\u00faton, miut\u00e1n elhaladt a Temes megyei Rend\u0151r-f\u0151kapit\u00e1nys\u00e1g sz\u00e9kh\u00e1za mellett, jelezzen balra, majd, az els\u0151 lehet\u0151s\u00e9gn\u00e9l forduljon balra \u00e9s hajtson be Enric Baader utc\u00e1ba. Az Enric Baader utca egyir\u00e1ny\u00fa. Amint behajt az utc\u00e1ba, az \u00fat bal oldal\u00e1n parkol\u00f3helyek tal\u00e1lhat\u00f3ak. Abban az esetben, ha nem tal\u00e1l egy parkol\u00f3helyet, akkor hajtson be az els\u0151 udvarba, amely hat h\u00e1z k\u00f6z\u00f6tt helyezkedik el, bele\u00e9rtve a Baader 1-et is. A Take Ionescu sug\u00e1r\u00faton k\u00edv\u00fcl nincs parkol\u00e1si d\u00edj.<\/p>\n<p>&nbsp;[\/et_pb_text][\/et_pb_column][\/et_pb_row][\/et_pb_section]<\/p>\n","protected":false},"excerpt":{"rendered":"<p>[et_pb_section fb_built=&#8221;1&#8243; fullwidth=&#8221;on&#8221; _builder_version=&#8221;3.0.47&#8243;][et_pb_fullwidth_map address=&#8221;Strada Enric Baader 1, Timi\u0219oara, Romania&#8221; zoom_level=&#8221;16&#8243; address_lat=&#8221;45.762096&#8243; address_lng=&#8221;21.245345000000043&#8243; _builder_version=&#8221;3.0.88&#8243;][et_pb_map_pin title=&#8221;Varga &amp; Molnar Law Office&#8221; pin_address=&#8221;Strada Enric Baader 1, Timi\u0219oara, Romania&#8221; pin_address_lat=&#8221;45.76235796937448&#8243; pin_address_lng=&#8221;21.244325760574384&#8243; _builder_version=&#8221;3.0.88&#8243;]Irod\u00e1nk az Enric Baader utca 1. sz\u00e1m 2. emelet 20 alatt tal\u00e1lhat\u00f3. Ha aut\u00f3val \u00e9rkezik, az \u201d\u00c9gt\u00e1jak\u201d nev\u0171 k\u00f6rforgalomt\u00f3l a Lugosi \u00fat fel\u00e9 forduljon, a Take Ionescu sug\u00e1r\u00faton, [&hellip;]<\/p>\n","protected":false},"author":1,"featured_media":0,"parent":0,"menu_order":0,"comment_status":"closed","ping_status":"closed","template":"","meta":{"_et_pb_use_builder":"on","_et_pb_old_content":"","footnotes":""},"class_list":["post-36299","page","type-page","status-publish","hentry"],"_links":{"self":[{"href":"https:\/\/avocor.trendmakers.ro\/hu\/wp-json\/wp\/v2\/pages\/36299","targetHints":{"allow":["GET"]}}],"collection":[{"href":"https:\/\/avocor.trendmakers.ro\/hu\/wp-json\/wp\/v2\/pages"}],"about":[{"href":"https:\/\/avocor.trendmakers.ro\/hu\/wp-json\/wp\/v2\/types\/page"}],"author":[{"embeddable":true,"href":"https:\/\/avocor.trendmakers.ro\/hu\/wp-json\/wp\/v2\/users\/1"}],"replies":[{"embeddable":true,"href":"https:\/\/avocor.trendmakers.ro\/hu\/wp-json\/wp\/v2\/comments?post=36299"}],"version-history":[{"count":22,"href":"https:\/\/avocor.trendmakers.ro\/hu\/wp-json\/wp\/v2\/pages\/36299\/revisions"}],"predecessor-version":[{"id":36399,"href":"https:\/\/avocor.trendmakers.ro\/hu\/wp-json\/wp\/v2\/pages\/36299\/revisions\/36399"}],"wp:attachment":[{"href":"https:\/\/avocor.trendmakers.ro\/hu\/wp-json\/wp\/v2\/media?parent=36299"}],"curies":[{"name":"wp","href":"https:\/\/api.w.org\/{rel}","templated":true}]}}