{"id":35459,"date":"2017-12-07T21:50:20","date_gmt":"2017-12-07T21:50:20","guid":{"rendered":"http:\/\/avocor.trendmakers.ro\/drept-civil\/"},"modified":"2017-12-08T03:15:27","modified_gmt":"2017-12-08T01:15:27","slug":"drept-civil","status":"publish","type":"page","link":"https:\/\/avocor.trendmakers.ro\/ro\/drept-civil\/","title":{"rendered":"Drept civil"},"content":{"rendered":"<p>[et_pb_section bb_built=&#8221;1&#8243; _builder_version=&#8221;3.0.47&#8243;][et_pb_row _builder_version=&#8221;3.0.47&#8243; background_size=&#8221;initial&#8221; background_position=&#8221;top_left&#8221; background_repeat=&#8221;repeat&#8221;][et_pb_column type=&#8221;1_3&#8243;][et_pb_sidebar area=&#8221;et_pb_widget_area_1&#8243; _builder_version=&#8221;3.0.90&#8243; orientation=&#8221;left&#8221; show_border=&#8221;on&#8221; background_layout=&#8221;light&#8221; disabled=&#8221;off&#8221; disabled_on=&#8221;on||&#8221; module_class=&#8221;ds-my-menu-1&#8243; border_style_all=&#8221;none&#8221; \/][\/et_pb_column][et_pb_column type=&#8221;2_3&#8243;][et_pb_text _builder_version=&#8221;3.0.90&#8243; background_size=&#8221;initial&#8221; background_position=&#8221;top_left&#8221; background_repeat=&#8221;repeat&#8221; background_layout=&#8221;light&#8221;]<\/p>\n<h2>Drept Civil<\/h2>\n<p><strong><span class=\"&quot;style3&quot;\">\u00a0 01. \u00cencheierea, derularea, \u00eencetarea de contracte civile, respectiv:<\/span><\/strong><br \/>\n&#8211; contracte de v\u00e2nzare-cump\u0103rare privind bunuri mobile \u0219i imobile;<br \/>\n&#8211; contracte de \u00eentre\u021binere si rent\u0103 viager\u0103;<br \/>\n&#8211; contracte de schimb;<br \/>\n&#8211; contracte de \u00eenchiriere;<br \/>\n&#8211; contracte de \u00eemprumut;<br \/>\n&#8211; contracte de comodat.<br \/>\n&#8211; contracte nenumite, atipice, \u00een func\u021bie de solicitarea p\u0103r\u021bilor.<\/p>\n<p><strong><span class=\"&quot;style3&quot;\">\u00a0 02. Consiliere si reprezentare legat\u0103 de r\u0103spunderea contractual\u0103;<\/span><\/strong><br \/>\n&#8211; ac\u021biuni \u00een constatarea nulit\u0103\u021bii absolute sau relative a contractelor;<br \/>\n&#8211; ac\u021biuni \u00een rezolu\u021biune sau reziliere a contractelor;<\/p>\n<p><strong><span class=\"&quot;style3&quot;\">\u00a0 03. Consiliere \u0219i reprezentare legat\u0103 de r\u0103spunderea civil\u0103 delictual\u0103<\/span><\/strong><\/p>\n<p><strong><span class=\"&quot;style3&quot;\">\u00a0 04. Consiliere \u0219i reprezentare \u00een cauze privind dreptul de proprietate;<\/span><\/strong><br \/>\n&#8211; ac\u021biuni \u00een revendicare mobiliar\u0103 \u0219i imobiliar\u0103;<br \/>\n&#8211; ac\u021biuni posesorii;<br \/>\n&#8211; ie\u0219iri din indiviziune asupra imobilelor (case \u0219i terenuri);<br \/>\n&#8211; granituiri;<br \/>\n&#8211; instituirea unor servitu\u021bi.<\/p>\n<p><strong><span class=\"&quot;style3&quot;\">\u00a0 05. Ac\u021biuni \u0219i cereri pentru valorificarea unor drepturi de crean\u021b\u0103:<\/span><\/strong><br \/>\n&#8211; ac\u021biuni \u00een preten\u021bii;<br \/>\n&#8211; soma\u021bii de plat\u0103;<br \/>\n&#8211; recuper\u0103ri de crean\u021be.<\/p>\n<p><strong><span class=\"&quot;style3&quot;\">\u00a0 06. Asisten\u021b\u0103 juridic\u0103 \u00een cadrul execut\u0103rii silite mobiliare sau imobiliare;<\/span><\/strong><\/p>\n<p>[\/et_pb_text][\/et_pb_column][\/et_pb_row][\/et_pb_section][et_pb_section bb_built=&#8221;1&#8243; module_id=&#8221;contact&#8221; module_class=&#8221;law law11&#8243; _builder_version=&#8221;3.0.88&#8243; custom_padding=&#8221;0px|0px|0px|0px&#8221; transparent_background=&#8221;off&#8221; padding_mobile=&#8221;on&#8221; global_module=&#8221;35173&#8243;][et_pb_row global_parent=&#8221;35173&#8243; make_fullwidth=&#8221;on&#8221; use_custom_gutter=&#8221;on&#8221; gutter_width=&#8221;0&#8243; custom_padding=&#8221;0px|0px|0px|0px&#8221; padding_mobile=&#8221;on&#8221; make_equal=&#8221;on&#8221; column_padding_mobile=&#8221;on&#8221; background_color_2=&#8221;#f3f3f3&#8243; bg_img_1=&#8221;http:\/\/avocor.trendmakers.ro\/wp-content\/uploads\/2017\/12\/Untitled-5.jpg&#8221; padding_top_1=&#8221;6vw&#8221; padding_right_1=&#8221;4vw&#8221; padding_bottom_1=&#8221;6vw&#8221; padding_left_1=&#8221;4vw&#8221; padding_top_2=&#8221;6vw&#8221; padding_right_2=&#8221;4vw&#8221; padding_bottom_2=&#8221;6vw&#8221; padding_left_2=&#8221;4vw&#8221; parallax_1=&#8221;on&#8221; parallax_method_2=&#8221;off&#8221; _builder_version=&#8221;3.0.90&#8243; parallax=&#8221;on&#8221; custom_margin_last_edited=&#8221;off|desktop&#8221;][et_pb_column type=&#8221;1_2&#8243;][et_pb_cta admin_label=&#8221;Contact&#8221; global_parent=&#8221;35173&#8243; use_background_color=&#8221;off&#8221; _builder_version=&#8221;3.0.47&#8243; header_font=&#8221;Montserrat|on|||&#8221; header_font_size=&#8221;36&#8243; header_font_size_tablet=&#8221;30&#8243; header_font_size_phone=&#8221;26&#8243; header_font_size_last_edited=&#8221;on|phone&#8221; header_text_color=&#8221;#ffffff&#8221; body_font=&#8221;Open Sans||||&#8221; body_font_size=&#8221;18&#8243; body_text_color=&#8221;#ffffff&#8221; body_line_height=&#8221;1.8em&#8221; background_size=&#8221;initial&#8221; background_position=&#8221;top_left&#8221; background_repeat=&#8221;repeat&#8221; text_orientation=&#8221;left&#8221; use_border_color=&#8221;off&#8221; border_color=&#8221;#ffffff&#8221; border_style=&#8221;solid&#8221;]<\/p>\n<p>Vizita\u021bi-ne<\/p>\n<h2>ADRESA<\/h2>\n<p>Str. Enric Baader nr. 1, Apt.20, Timi\u0219oara, Rom\u00e2nia<\/p>\n<h2>TELEFOANE<\/h2>\n<p>+40.722.354.394\u00a0 \u00a0 \u00a0 \u00a0 +40.743.630.529<\/p>\n<h2>PROGRAM<\/h2>\n<p>Luni-Vinei: 9:00 \u2013 18:00 S\u00e2mb\u0103t\u0103: 11:00 \u2013 17:00<\/p>\n<p>[\/et_pb_cta][\/et_pb_column][et_pb_column type=&#8221;1_2&#8243;][et_pb_contact_form global_parent=&#8221;35173&#8243; title=&#8221;PROGRAMARE ONLINE&#8221; module_id=&#8221;et_pb_contact_form_0&#8243; _builder_version=&#8221;3.0.90&#8243; title_level=&#8221;h2&#8243; title_font=&#8221;|600|||||||&#8221; title_font_size=&#8221;30&#8243; title_text_color=&#8221;#21b097&#8243; form_field_font=&#8221;Open Sans||||&#8221; form_field_font_size=&#8221;16&#8243; form_field_text_color=&#8221;#444c50&#8243; border_radii=&#8221;on|0px|0px|0px|0px&#8221; border_color_all=&#8221;off&#8221; border_style_all=&#8221;solid&#8221; custom_button=&#8221;on&#8221; button_text_color=&#8221;#ffffff&#8221; button_bg_color=&#8221;#21b097&#8243; button_border_width=&#8221;0&#8243; button_border_radius=&#8221;0&#8243; button_font=&#8221;||||||||&#8221; button_use_icon=&#8221;default&#8221; use_border_color=&#8221;off&#8221; border_color=&#8221;#ffffff&#8221; border_style=&#8221;solid&#8221; input_border_radius=&#8221;0&#8243;]<\/p>\n<p>[et_pb_contact_field field_id=&#8221;Numele dvs.&#8221; field_title=&#8221;Numele dvs.&#8221; _builder_version=&#8221;3.0.47&#8243; border_radii=&#8221;on||||&#8221;][\/et_pb_contact_field][et_pb_contact_field field_id=&#8221;Email&#8221; field_title=&#8221;Adresa dvs. de email&#8221; field_type=&#8221;email&#8221; _builder_version=&#8221;3.0.88&#8243; border_radii=&#8221;on||||&#8221;][\/et_pb_contact_field][et_pb_contact_field field_id=&#8221;Mesaj&#8221; field_title=&#8221;Mesaj&#8221; field_type=&#8221;text&#8221; fullwidth_field=&#8221;on&#8221; _builder_version=&#8221;3.0.47&#8243; border_radii=&#8221;on||||&#8221;][\/et_pb_contact_field]<\/p>\n<p>[\/et_pb_contact_form][\/et_pb_column][\/et_pb_row][\/et_pb_section]<\/p>\n","protected":false},"excerpt":{"rendered":"<p>[et_pb_section bb_built=&#8221;1&#8243; _builder_version=&#8221;3.0.47&#8243;][et_pb_row _builder_version=&#8221;3.0.47&#8243; background_size=&#8221;initial&#8221; background_position=&#8221;top_left&#8221; background_repeat=&#8221;repeat&#8221;][et_pb_column type=&#8221;1_3&#8243;][et_pb_sidebar area=&#8221;et_pb_widget_area_1&#8243; _builder_version=&#8221;3.0.90&#8243; orientation=&#8221;left&#8221; show_border=&#8221;on&#8221; background_layout=&#8221;light&#8221; disabled=&#8221;off&#8221; disabled_on=&#8221;on||&#8221; module_class=&#8221;ds-my-menu-1&#8243; border_style_all=&#8221;none&#8221; \/][\/et_pb_column][et_pb_column type=&#8221;2_3&#8243;][et_pb_text _builder_version=&#8221;3.0.90&#8243; background_size=&#8221;initial&#8221; background_position=&#8221;top_left&#8221; background_repeat=&#8221;repeat&#8221; background_layout=&#8221;light&#8221;] Drept Civil \u00a0 01. \u00cencheierea, derularea, \u00eencetarea de contracte civile, respectiv: &#8211; contracte de v\u00e2nzare-cump\u0103rare privind bunuri mobile \u0219i imobile; &#8211; contracte de \u00eentre\u021binere si rent\u0103 viager\u0103; &#8211; contracte de schimb; [&hellip;]<\/p>\n","protected":false},"author":1,"featured_media":0,"parent":0,"menu_order":0,"comment_status":"closed","ping_status":"closed","template":"","meta":{"_et_pb_use_builder":"on","_et_pb_old_content":"<p><strong><span class=\"style3\">Concluding, developing, terminating civil contracts, respectively:<\/span><\/strong><br \/> - Act of sale regarding goods;<br \/> - Maintenance contracts and life annuity;<br \/> - exchange contracts;<br \/> - lease contracts;<br \/> - loan agreements;<br \/> - bailment agreement;<br \/> - unnamed, atypical contracts in relation to the party\u2019s claims.<\/p><p><strong><span class=\"style3\">Counseling and representation connected to contractual liability;<\/span><\/strong><br \/> - actions to determine the absolute or relative invalidity of contracts;<br \/> - actions in solution or canceling contracts;<\/p><p><strong><span class=\"style3\">Counseling and representation connected to tort liability<\/span><\/strong><\/p><p><strong><span class=\"style3\">Counseling and representation regarding the property right;<\/span><\/strong><br \/> - actions in real-estate claims;<br \/> - holder actions;<br \/> - retirement from joint ownership over real-estates (houses and lands);<br \/> - demarcation of land boundaries;<br \/> - constitute servitudes.<\/p><p><strong><span class=\"style3\">Actions and requests for recovery of entitlement laws:<\/span><\/strong><br \/> - actions in claims;<br \/> - payment requests;<br \/> - debt recovery.<\/p><p><strong><span class=\"style3\">Legal assistance for real-estate law enforcement;<\/span><\/strong><\/p>","footnotes":""},"class_list":["post-35459","page","type-page","status-publish","hentry"],"_links":{"self":[{"href":"https:\/\/avocor.trendmakers.ro\/ro\/wp-json\/wp\/v2\/pages\/35459","targetHints":{"allow":["GET"]}}],"collection":[{"href":"https:\/\/avocor.trendmakers.ro\/ro\/wp-json\/wp\/v2\/pages"}],"about":[{"href":"https:\/\/avocor.trendmakers.ro\/ro\/wp-json\/wp\/v2\/types\/page"}],"author":[{"embeddable":true,"href":"https:\/\/avocor.trendmakers.ro\/ro\/wp-json\/wp\/v2\/users\/1"}],"replies":[{"embeddable":true,"href":"https:\/\/avocor.trendmakers.ro\/ro\/wp-json\/wp\/v2\/comments?post=35459"}],"version-history":[{"count":14,"href":"https:\/\/avocor.trendmakers.ro\/ro\/wp-json\/wp\/v2\/pages\/35459\/revisions"}],"predecessor-version":[{"id":35677,"href":"https:\/\/avocor.trendmakers.ro\/ro\/wp-json\/wp\/v2\/pages\/35459\/revisions\/35677"}],"wp:attachment":[{"href":"https:\/\/avocor.trendmakers.ro\/ro\/wp-json\/wp\/v2\/media?parent=35459"}],"curies":[{"name":"wp","href":"https:\/\/api.w.org\/{rel}","templated":true}]}}