{"id":35482,"date":"2017-12-07T21:59:54","date_gmt":"2017-12-07T21:59:54","guid":{"rendered":"http:\/\/avocor.trendmakers.ro\/concordat-preventiv\/"},"modified":"2017-12-08T03:33:24","modified_gmt":"2017-12-08T01:33:24","slug":"concordat-preventiv","status":"publish","type":"page","link":"https:\/\/avocor.trendmakers.ro\/ro\/concordat-preventiv\/","title":{"rendered":"Concordat Preventiv"},"content":{"rendered":"<p>[et_pb_section bb_built=&#8221;1&#8243; _builder_version=&#8221;3.0.47&#8243;][et_pb_row _builder_version=&#8221;3.0.47&#8243; background_size=&#8221;initial&#8221; background_position=&#8221;top_left&#8221; background_repeat=&#8221;repeat&#8221;][et_pb_column type=&#8221;1_3&#8243;][et_pb_sidebar area=&#8221;et_pb_widget_area_1&#8243; _builder_version=&#8221;3.0.90&#8243; orientation=&#8221;left&#8221; show_border=&#8221;on&#8221; background_layout=&#8221;light&#8221; disabled=&#8221;off&#8221; disabled_on=&#8221;on||&#8221; border_style_all=&#8221;none&#8221; \/][\/et_pb_column][et_pb_column type=&#8221;2_3&#8243;][et_pb_text _builder_version=&#8221;3.0.90&#8243; background_size=&#8221;initial&#8221; background_position=&#8221;top_left&#8221; background_repeat=&#8221;repeat&#8221; background_layout=&#8221;light&#8221;]<\/p>\n<h2>Concordat\u00a0Preventiv<\/h2>\n<p><span class=\"&quot;&quot;style3&quot;&quot;\">\u00a0<\/span><\/p>\n<p align=\"&quot;justify&quot;\">Concordatul este un mecanism de evitare a insolven\u021bei \u0219i const\u0103 \u00eentr-o \u00een\u0163elegere \u00eentre debitor \u0219i creditori cu privire la modul \u00een care debitorul aflat \u00een dificultate financiar\u0103 i\u0219i va pl\u0103ti datoriile. Debitorul trebuie s\u0103-\u0219i anun\u021be din timp creditorii cu privire la faptul c\u0103 are dificult\u0103\u021bi \u0219i s\u0103 le cear\u0103 \u0219ansa de a se redresa, propun\u00e2ndu-le un plan concret \u00een acest sens. Creditorii trebuie convin\u0219i s\u0103 accepte planul, precum \u0219i faptul c\u0103 \u0219i-ar putea primi banii \u00een condi\u021bii mai avantajoase dec\u00e2t \u00een cazul falimentului. Dac\u0103 aceast\u0103 procedur\u0103 e\u0219ueaz\u0103, se va trece la faliment.<\/p>\n<p align=\"&quot;justify&quot;\">\u00cen concret, concordatul preventiv este un contract \u00eencheiat \u00eentre debitor, pe de o parte, \u0219i creditorii care de\u021bin cel pu\u021bin dou\u0103 treimi din valoarea crean\u021belor acceptate si necontestate, pe de alt\u0103 parte, prin care debitorul propune un plan de redresare a \u00eentreprinderii sale \u0219i de acoperire a crean\u021belor acestor creditori \u00eempotriva sa, iar creditorii accept\u0103 s\u0103 sprijine eforturile debitorului de dep\u0103\u0219ire a dificult\u0103\u021bii \u00een care se afl\u0103 \u00eentreprinderea debitorului.<\/p>\n<p align=\"&quot;justify&quot;\">Poate recurge la procedura de concordat preventiv orice debitor, cu anumite excep\u021bii prev\u0103zute de lege, cum ar fi fapte \u00eenscrise \u00een cazierul fiscal sau dac\u0103 \u00eempotriva debitorului a mai fost deschis\u0103 procedura insolven\u021bei\u00a0cu 5 ani anteriori ofertei de concordat preventiv.<\/p>\n<p>[\/et_pb_text][\/et_pb_column][\/et_pb_row][\/et_pb_section][et_pb_section bb_built=&#8221;1&#8243; module_id=&#8221;contact&#8221; module_class=&#8221;law law11&#8243; _builder_version=&#8221;3.0.88&#8243; custom_padding=&#8221;0px|0px|0px|0px&#8221; transparent_background=&#8221;off&#8221; padding_mobile=&#8221;on&#8221; global_module=&#8221;35173&#8243;][et_pb_row global_parent=&#8221;35173&#8243; make_fullwidth=&#8221;on&#8221; use_custom_gutter=&#8221;on&#8221; gutter_width=&#8221;0&#8243; custom_padding=&#8221;0px|0px|0px|0px&#8221; padding_mobile=&#8221;on&#8221; make_equal=&#8221;on&#8221; column_padding_mobile=&#8221;on&#8221; background_color_2=&#8221;#f3f3f3&#8243; bg_img_1=&#8221;http:\/\/avocor.trendmakers.ro\/wp-content\/uploads\/2017\/12\/Untitled-5.jpg&#8221; padding_top_1=&#8221;6vw&#8221; padding_right_1=&#8221;4vw&#8221; padding_bottom_1=&#8221;6vw&#8221; padding_left_1=&#8221;4vw&#8221; padding_top_2=&#8221;6vw&#8221; padding_right_2=&#8221;4vw&#8221; padding_bottom_2=&#8221;6vw&#8221; padding_left_2=&#8221;4vw&#8221; parallax_1=&#8221;on&#8221; parallax_method_2=&#8221;off&#8221; _builder_version=&#8221;3.0.90&#8243; parallax=&#8221;on&#8221; custom_margin_last_edited=&#8221;off|desktop&#8221;][et_pb_column type=&#8221;1_2&#8243;][et_pb_cta admin_label=&#8221;Contact&#8221; global_parent=&#8221;35173&#8243; use_background_color=&#8221;off&#8221; _builder_version=&#8221;3.0.47&#8243; header_font=&#8221;Montserrat|on|||&#8221; header_font_size=&#8221;36&#8243; header_font_size_tablet=&#8221;30&#8243; header_font_size_phone=&#8221;26&#8243; header_font_size_last_edited=&#8221;on|phone&#8221; header_text_color=&#8221;#ffffff&#8221; body_font=&#8221;Open Sans||||&#8221; body_font_size=&#8221;18&#8243; body_text_color=&#8221;#ffffff&#8221; body_line_height=&#8221;1.8em&#8221; background_size=&#8221;initial&#8221; background_position=&#8221;top_left&#8221; background_repeat=&#8221;repeat&#8221; text_orientation=&#8221;left&#8221; use_border_color=&#8221;off&#8221; border_color=&#8221;#ffffff&#8221; border_style=&#8221;solid&#8221;]<\/p>\n<p>Vizita\u021bi-ne<\/p>\n<h2>ADRESA<\/h2>\n<p>Str. Enric Baader nr. 1, Apt.20, Timi\u0219oara, Rom\u00e2nia<\/p>\n<h2>TELEFOANE<\/h2>\n<p>+40.722.354.394\u00a0 \u00a0 \u00a0 \u00a0 +40.743.630.529<\/p>\n<h2>PROGRAM<\/h2>\n<p>Luni-Vinei: 9:00 \u2013 18:00 S\u00e2mb\u0103t\u0103: 11:00 \u2013 17:00<\/p>\n<p>[\/et_pb_cta][\/et_pb_column][et_pb_column type=&#8221;1_2&#8243;][et_pb_contact_form global_parent=&#8221;35173&#8243; title=&#8221;PROGRAMARE ONLINE&#8221; module_id=&#8221;et_pb_contact_form_0&#8243; _builder_version=&#8221;3.0.90&#8243; title_level=&#8221;h2&#8243; title_font=&#8221;|600|||||||&#8221; title_font_size=&#8221;30&#8243; title_text_color=&#8221;#21b097&#8243; form_field_font=&#8221;Open Sans||||&#8221; form_field_font_size=&#8221;16&#8243; form_field_text_color=&#8221;#444c50&#8243; border_radii=&#8221;on|0px|0px|0px|0px&#8221; border_color_all=&#8221;off&#8221; border_style_all=&#8221;solid&#8221; custom_button=&#8221;on&#8221; button_text_color=&#8221;#ffffff&#8221; button_bg_color=&#8221;#21b097&#8243; button_border_width=&#8221;0&#8243; button_border_radius=&#8221;0&#8243; button_font=&#8221;||||||||&#8221; button_use_icon=&#8221;default&#8221; use_border_color=&#8221;off&#8221; border_color=&#8221;#ffffff&#8221; border_style=&#8221;solid&#8221; input_border_radius=&#8221;0&#8243;]<\/p>\n<p>[et_pb_contact_field field_id=&#8221;Numele dvs&#8221; field_title=&#8221;Numele dvs&#8221; _builder_version=&#8221;3.0.47&#8243; border_radii=&#8221;on||||&#8221;][\/et_pb_contact_field][et_pb_contact_field field_id=&#8221;Email&#8221; field_title=&#8221;Adresa dvs de email&#8221; field_type=&#8221;email&#8221; _builder_version=&#8221;3.0.88&#8243; border_radii=&#8221;on||||&#8221;][\/et_pb_contact_field][et_pb_contact_field field_id=&#8221;Un scurt mesaj despre spe\u021ba dvs&#8221; field_title=&#8221;Un scurt mesaj despre spe\u021ba dvs&#8221; field_type=&#8221;text&#8221; fullwidth_field=&#8221;on&#8221; _builder_version=&#8221;3.0.47&#8243; border_radii=&#8221;on||||&#8221;][\/et_pb_contact_field]<\/p>\n<p>[\/et_pb_contact_form][\/et_pb_column][\/et_pb_row][\/et_pb_section]<\/p>\n","protected":false},"excerpt":{"rendered":"<p>[et_pb_section bb_built=&#8221;1&#8243; _builder_version=&#8221;3.0.47&#8243;][et_pb_row _builder_version=&#8221;3.0.47&#8243; background_size=&#8221;initial&#8221; background_position=&#8221;top_left&#8221; background_repeat=&#8221;repeat&#8221;][et_pb_column type=&#8221;1_3&#8243;][et_pb_sidebar area=&#8221;et_pb_widget_area_1&#8243; _builder_version=&#8221;3.0.90&#8243; orientation=&#8221;left&#8221; show_border=&#8221;on&#8221; background_layout=&#8221;light&#8221; disabled=&#8221;off&#8221; disabled_on=&#8221;on||&#8221; border_style_all=&#8221;none&#8221; \/][\/et_pb_column][et_pb_column type=&#8221;2_3&#8243;][et_pb_text _builder_version=&#8221;3.0.90&#8243; background_size=&#8221;initial&#8221; background_position=&#8221;top_left&#8221; background_repeat=&#8221;repeat&#8221; background_layout=&#8221;light&#8221;] Concordat\u00a0Preventiv \u00a0 Concordatul este un mecanism de evitare a insolven\u021bei \u0219i const\u0103 \u00eentr-o \u00een\u0163elegere \u00eentre debitor \u0219i creditori cu privire la modul \u00een care debitorul aflat \u00een dificultate financiar\u0103 i\u0219i va pl\u0103ti [&hellip;]<\/p>\n","protected":false},"author":1,"featured_media":0,"parent":0,"menu_order":0,"comment_status":"closed","ping_status":"closed","template":"","meta":{"_et_pb_use_builder":"on","_et_pb_old_content":"","footnotes":""},"class_list":["post-35482","page","type-page","status-publish","hentry"],"_links":{"self":[{"href":"https:\/\/avocor.trendmakers.ro\/ro\/wp-json\/wp\/v2\/pages\/35482","targetHints":{"allow":["GET"]}}],"collection":[{"href":"https:\/\/avocor.trendmakers.ro\/ro\/wp-json\/wp\/v2\/pages"}],"about":[{"href":"https:\/\/avocor.trendmakers.ro\/ro\/wp-json\/wp\/v2\/types\/page"}],"author":[{"embeddable":true,"href":"https:\/\/avocor.trendmakers.ro\/ro\/wp-json\/wp\/v2\/users\/1"}],"replies":[{"embeddable":true,"href":"https:\/\/avocor.trendmakers.ro\/ro\/wp-json\/wp\/v2\/comments?post=35482"}],"version-history":[{"count":12,"href":"https:\/\/avocor.trendmakers.ro\/ro\/wp-json\/wp\/v2\/pages\/35482\/revisions"}],"predecessor-version":[{"id":35694,"href":"https:\/\/avocor.trendmakers.ro\/ro\/wp-json\/wp\/v2\/pages\/35482\/revisions\/35694"}],"wp:attachment":[{"href":"https:\/\/avocor.trendmakers.ro\/ro\/wp-json\/wp\/v2\/media?parent=35482"}],"curies":[{"name":"wp","href":"https:\/\/api.w.org\/{rel}","templated":true}]}}