{"id":35484,"date":"2017-12-07T22:00:40","date_gmt":"2017-12-07T22:00:40","guid":{"rendered":"http:\/\/avocor.trendmakers.ro\/recuperari-creante\/"},"modified":"2017-12-08T03:01:38","modified_gmt":"2017-12-08T01:01:38","slug":"recuperari-creante","status":"publish","type":"page","link":"https:\/\/avocor.trendmakers.ro\/ro\/recuperari-creante\/","title":{"rendered":"Recuper\u0103ri Crean\u021be"},"content":{"rendered":"<p>[et_pb_section bb_built=&#8221;1&#8243; admin_label=&#8221;section&#8221; _builder_version=&#8221;3.0.47&#8243;][et_pb_row admin_label=&#8221;row&#8221; _builder_version=&#8221;3.0.47&#8243; background_size=&#8221;initial&#8221; background_position=&#8221;top_left&#8221; background_repeat=&#8221;repeat&#8221;][et_pb_column type=&#8221;1_3&#8243;][et_pb_sidebar area=&#8221;et_pb_widget_area_1&#8243; _builder_version=&#8221;3.0.90&#8243; orientation=&#8221;left&#8221; show_border=&#8221;on&#8221; background_layout=&#8221;light&#8221; disabled=&#8221;off&#8221; disabled_on=&#8221;on||&#8221; border_style_all=&#8221;none&#8221; \/][\/et_pb_column][et_pb_column type=&#8221;2_3&#8243;][et_pb_text _builder_version=&#8221;3.0.90&#8243; background_size=&#8221;initial&#8221; background_position=&#8221;top_left&#8221; background_repeat=&#8221;repeat&#8221; background_layout=&#8221;light&#8221;]<\/p>\n<h2>Recuper\u0103ri Crean\u021be<\/h2>\n<p>Pentru c\u0103 \u201ctimpul \u00eenseamn\u0103 bani\u201d, ini\u0163ia\u0163i demersurile de recuperare a crean\u0163elor.<br \/>\nApela\u0163i la serviciile speciali\u015ftilor pentru a cre\u015fte \u015fansele dereu\u015fit\u0103 \u015fi pentru a v\u0103 recupera<br \/>\nbanii \u00eentr-un timp scurt.<\/p>\n<p>Serviciile de recuperare a sumelor de bani se compun dintr-un complex de factori determinan\u0163i,<br \/>\ndin mai multe domenii:\u00a0<span class=\"\\\\\\&quot;style6\\\\\\&quot;\">stiinte juridice, aptitudini psihologice, abilit\u0103\u0163i economice&#8230;<\/span><br \/>\nApela\u0163i la un cabinet specializat \u00een recuperarea crean\u0163elor \u015fi ve\u0163i avea acces la toate acestea.<\/p>\n<p>Administratorii societ\u0103\u0163ilor comerciale au obliga\u0163ia legal\u0103 de a ini\u0163ia demersurile de recuperare a crean\u0163elor.<\/p>\n<p>Degreva\u0163i-v\u0103 de aceast\u0103 sarcin\u0103 \u015fi accesa\u0163i servicii calificate de Recuperare a crean\u0163elor.<br \/>\n\u00cen acest fel ve\u0163i avea mai mult timp pentru dezvoltarea propriei afaceri.<br \/>\nNa\u015fterea unei crean\u0163e presupune existen\u0163a a dou\u0103 entit\u0103\u0163i, persoane fizice \u015fi\/sau juridice\u00a0 aflate \u00een rela\u0163ii de colaborare, parteneriat, economice, s.a., rela\u0163ii \u00een urma c\u0103rora una dintre ele a suferit un prejudiciu patrimonial \u00een m\u0103rfuri, servicii sau bani, prejudiciu care trebuie reparat.<\/p>\n<p>Trimite\u0163i documentele care stau la baza crean\u0163ei dumneavoastr\u0103 prin fax, e-mail sau po\u015ft\u0103 conform datelor<br \/>\ndin contact, iar \u00een cel mai scurt timp unul dintre speciali\u015ftii no\u015ftri v\u0103 vor contacta pentru preluarea cazului .<\/p>\n<p><span class=\"\\\\\\&quot;style3\\\\\\&quot;\"><strong>Recuperatorul<\/strong>:<\/span><\/p>\n<p>&#8211; nu are voie s\u0103 h\u0103r\u0163uiasc\u0103, s\u0103 ofenseze sau s\u0103 abuzeze debitorul sau orice\u00a0 alte ter\u0163e persoane implicate<br \/>\n&#8211; nu are voie s\u0103 foloseasc\u0103 amenin\u0163\u0103ri cu violen\u0163a sau un limbaj obscen<br \/>\n&#8211; nu are voie s\u0103 induc\u0103 \u00een eroare debitorul asupra aspectelor referitoare la recuperarea crean\u0163ei cum ar fi:<br \/>\n<em>\u00a0<span class=\"\\\\\\&quot;style4\\\\\\&quot;\"><span class=\"\\\\\\&quot;style2\\\\\\&quot;\">valoarea debitului, gravitatea faptei, legitimitatea ac\u0163iunilor \u00eentreprinse, urm\u0103rile faptelor s\u0103v\u00e2r\u015fite<\/span>.<\/span><\/em><\/p>\n<h2><\/h2>\n<p class=\"\\\\\\&quot;style3\\\\\\&quot;\"><strong>Activitati specifice:<\/strong><\/p>\n<p>&#8211; Identificarea debitorilor.<br \/>\n&#8211; Notificarea debitorilor.<br \/>\n&#8211; Contactarea telefonic\u0103 a debitorilor.<br \/>\n&#8211; Convocare la conciliere direct\u0103 prealabil\u0103 a debitorilor, \u00eent\u00e2lniri cu ace\u015ftia.<br \/>\n&#8211; Demersuri la Instan\u0163ele Judec\u0103tore\u015fti pentru ob\u0163inerea titlurilor executorii.<br \/>\n&#8211; Asistare \u015fi reprezentare \u00een Instan\u0163ele de toate gradele, de c\u0103tre avoca\u0163i\u00a0 cu o\u00a0 bogat\u0103 experien\u0163\u0103 \u00een<br \/>\ndomeniul recuper\u0103rilor de crean\u0163e, \u00een dreptul \u00a0 comercial, bancar etc.<br \/>\n&#8211; Confiden\u0163ialitate contractual\u0103.<br \/>\n[\/et_pb_text][\/et_pb_column][\/et_pb_row][\/et_pb_section][et_pb_section bb_built=&#8221;1&#8243; module_id=&#8221;contact&#8221; module_class=&#8221;law law11&#8243; _builder_version=&#8221;3.0.88&#8243; custom_padding=&#8221;0px|0px|0px|0px&#8221; transparent_background=&#8221;off&#8221; padding_mobile=&#8221;on&#8221; global_module=&#8221;35173&#8243;][et_pb_row global_parent=&#8221;35173&#8243; make_fullwidth=&#8221;on&#8221; use_custom_gutter=&#8221;on&#8221; gutter_width=&#8221;0&#8243; custom_padding=&#8221;0px|0px|0px|0px&#8221; padding_mobile=&#8221;on&#8221; make_equal=&#8221;on&#8221; column_padding_mobile=&#8221;on&#8221; background_color_2=&#8221;#f3f3f3&#8243; bg_img_1=&#8221;http:\/\/avocor.trendmakers.ro\/wp-content\/uploads\/2017\/12\/Untitled-5.jpg&#8221; padding_top_1=&#8221;6vw&#8221; padding_right_1=&#8221;4vw&#8221; padding_bottom_1=&#8221;6vw&#8221; padding_left_1=&#8221;4vw&#8221; padding_top_2=&#8221;6vw&#8221; padding_right_2=&#8221;4vw&#8221; padding_bottom_2=&#8221;6vw&#8221; padding_left_2=&#8221;4vw&#8221; parallax_1=&#8221;on&#8221; parallax_method_2=&#8221;off&#8221; _builder_version=&#8221;3.0.90&#8243; parallax=&#8221;on&#8221; custom_margin_last_edited=&#8221;off|desktop&#8221;][et_pb_column type=&#8221;1_2&#8243;][et_pb_cta admin_label=&#8221;Contact&#8221; global_parent=&#8221;35173&#8243; use_background_color=&#8221;off&#8221; _builder_version=&#8221;3.0.47&#8243; header_font=&#8221;Montserrat|on|||&#8221; header_font_size=&#8221;36&#8243; header_font_size_tablet=&#8221;30&#8243; header_font_size_phone=&#8221;26&#8243; header_font_size_last_edited=&#8221;on|phone&#8221; header_text_color=&#8221;#ffffff&#8221; body_font=&#8221;Open Sans||||&#8221; body_font_size=&#8221;18&#8243; body_text_color=&#8221;#ffffff&#8221; body_line_height=&#8221;1.8em&#8221; background_size=&#8221;initial&#8221; background_position=&#8221;top_left&#8221; background_repeat=&#8221;repeat&#8221; text_orientation=&#8221;left&#8221; use_border_color=&#8221;off&#8221; border_color=&#8221;#ffffff&#8221; border_style=&#8221;solid&#8221;]<\/p>\n<p>Vizita\u021bi-ne<\/p>\n<h2>ADRESA<\/h2>\n<p>Str. Enric Baader nr. 1, Apt.20, Timi\u0219oara, Romania<\/p>\n<h2>TELEFOANE<\/h2>\n<p>+40.722.354.394\u00a0 \u00a0 \u00a0 \u00a0 +40.743.630.529<\/p>\n<h2>PROGRAM<\/h2>\n<p>Luni-Vinei: 9:00 \u2013 18:00 S\u00e2mb\u0103t\u0103: 11:00 \u2013 17:00<\/p>\n<p>[\/et_pb_cta][\/et_pb_column][et_pb_column type=&#8221;1_2&#8243;][et_pb_contact_form global_parent=&#8221;35173&#8243; title=&#8221;PROGRAMARE ONLINE&#8221; module_id=&#8221;et_pb_contact_form_0&#8243; _builder_version=&#8221;3.0.90&#8243; title_level=&#8221;h2&#8243; title_font=&#8221;|600|||||||&#8221; title_font_size=&#8221;30&#8243; title_text_color=&#8221;#21b097&#8243; form_field_font=&#8221;Open Sans||||&#8221; form_field_font_size=&#8221;16&#8243; form_field_text_color=&#8221;#444c50&#8243; border_radii=&#8221;on|0px|0px|0px|0px&#8221; border_color_all=&#8221;off&#8221; border_style_all=&#8221;solid&#8221; custom_button=&#8221;on&#8221; button_text_color=&#8221;#ffffff&#8221; button_bg_color=&#8221;#21b097&#8243; button_border_width=&#8221;0&#8243; button_border_radius=&#8221;0&#8243; button_font=&#8221;||||||||&#8221; button_use_icon=&#8221;default&#8221; use_border_color=&#8221;off&#8221; border_color=&#8221;#ffffff&#8221; border_style=&#8221;solid&#8221; input_border_radius=&#8221;0&#8243;]<\/p>\n<p>[et_pb_contact_field field_id=&#8221;Numele dvs&#8221; field_title=&#8221;Numele dvs&#8221; _builder_version=&#8221;3.0.47&#8243; border_radii=&#8221;on||||&#8221;][\/et_pb_contact_field][et_pb_contact_field field_id=&#8221;Email&#8221; field_title=&#8221;Adresa dvs de email&#8221; field_type=&#8221;email&#8221; _builder_version=&#8221;3.0.88&#8243; border_radii=&#8221;on||||&#8221;][\/et_pb_contact_field][et_pb_contact_field field_id=&#8221;Mesaj&#8221; field_title=&#8221;Mesaj&#8221; field_type=&#8221;text&#8221; fullwidth_field=&#8221;on&#8221; _builder_version=&#8221;3.0.47&#8243; border_radii=&#8221;on||||&#8221;][\/et_pb_contact_field]<\/p>\n<p>[\/et_pb_contact_form][\/et_pb_column][\/et_pb_row][\/et_pb_section]<\/p>\n","protected":false},"excerpt":{"rendered":"<p>[et_pb_section bb_built=&#8221;1&#8243; admin_label=&#8221;section&#8221; _builder_version=&#8221;3.0.47&#8243;][et_pb_row admin_label=&#8221;row&#8221; _builder_version=&#8221;3.0.47&#8243; background_size=&#8221;initial&#8221; background_position=&#8221;top_left&#8221; background_repeat=&#8221;repeat&#8221;][et_pb_column type=&#8221;1_3&#8243;][et_pb_sidebar area=&#8221;et_pb_widget_area_1&#8243; _builder_version=&#8221;3.0.90&#8243; orientation=&#8221;left&#8221; show_border=&#8221;on&#8221; background_layout=&#8221;light&#8221; disabled=&#8221;off&#8221; disabled_on=&#8221;on||&#8221; border_style_all=&#8221;none&#8221; \/][\/et_pb_column][et_pb_column type=&#8221;2_3&#8243;][et_pb_text _builder_version=&#8221;3.0.90&#8243; background_size=&#8221;initial&#8221; background_position=&#8221;top_left&#8221; background_repeat=&#8221;repeat&#8221; background_layout=&#8221;light&#8221;] Recuper\u0103ri Crean\u021be Pentru c\u0103 \u201ctimpul \u00eenseamn\u0103 bani\u201d, ini\u0163ia\u0163i demersurile de recuperare a crean\u0163elor. Apela\u0163i la serviciile speciali\u015ftilor pentru a cre\u015fte \u015fansele dereu\u015fit\u0103 \u015fi pentru a v\u0103 recupera banii \u00eentr-un timp [&hellip;]<\/p>\n","protected":false},"author":1,"featured_media":0,"parent":0,"menu_order":0,"comment_status":"closed","ping_status":"closed","template":"","meta":{"_et_pb_use_builder":"on","_et_pb_old_content":"Because\u00a0<span class=\"style6\">\u201ctime is money\u201d<\/span>, initiate the proceeding for recovery of debts. Turn to the services of specialists to increase your chances of success and to recover your money in a short time.\r\n\r\nThe services for recovery of debts consist of a complex of determining factors, from various fields: law, psychological aptitudes, economic abilities... Appeal to a specialized cabinet in recover debts and you\u2019ll have access to all these.\r\n\r\nThe managers of companies have the statutory obligation to initiate the proceedings for recovery of debts. Relieve yourself from this task and access the qualified services for recovery of debts. In this way you\u2019ll have more time to develop your own business.\r\n\r\nThe birth of a debt implies the existence of two entities, natural persons and\/or legal persons\u00a0 in collaboration relations, partnership, economic, etc, relations, as result of which one of the entities suffered a patrimonial prejudice in goods, services or money, prejudice which needs fixing.\r\nSend the documents which prove your debt by fax, e-mail or mail according to the data within the agreement, and one of our specialists will contact you in the shortest time.\r\n\r\n<span class=\"style3\">The recuperator:<\/span>\r\n- is not allowed to harass, to offense or to abuse the debtor or any other implied third party\r\n- is not allowed to threaten, violently or using an obscene language;\r\n- is not allowed to misinform the debtor regarding the proceedings for recovery of the debts, such as:\r\nthe value of the debt, the gravity of the action, legal ground of undertaken actions,\r\nresults of the performed actions.\r\n<p class=\"style3\">Specific Activities:<\/p>\r\n<p class=\"style3\"><strong>\u00a0 \u00a0 - Identification of debtors.<\/strong>\r\n- Notification of debtors.\r\n- Telephonic contact of debtors.\r\n- Meetings for direct conciliation of debtors.\r\n- Proceedings at the Courts of Law for obtaining executory titles.\r\n- Assistance and representation in all Courts of Law by attorneys with a vast experience in the field\r\nof recovery of debts, commercial law, banking etc.\r\n- Contractual confidentiality.<\/p>","footnotes":""},"class_list":["post-35484","page","type-page","status-publish","hentry"],"_links":{"self":[{"href":"https:\/\/avocor.trendmakers.ro\/ro\/wp-json\/wp\/v2\/pages\/35484","targetHints":{"allow":["GET"]}}],"collection":[{"href":"https:\/\/avocor.trendmakers.ro\/ro\/wp-json\/wp\/v2\/pages"}],"about":[{"href":"https:\/\/avocor.trendmakers.ro\/ro\/wp-json\/wp\/v2\/types\/page"}],"author":[{"embeddable":true,"href":"https:\/\/avocor.trendmakers.ro\/ro\/wp-json\/wp\/v2\/users\/1"}],"replies":[{"embeddable":true,"href":"https:\/\/avocor.trendmakers.ro\/ro\/wp-json\/wp\/v2\/comments?post=35484"}],"version-history":[{"count":20,"href":"https:\/\/avocor.trendmakers.ro\/ro\/wp-json\/wp\/v2\/pages\/35484\/revisions"}],"predecessor-version":[{"id":35664,"href":"https:\/\/avocor.trendmakers.ro\/ro\/wp-json\/wp\/v2\/pages\/35484\/revisions\/35664"}],"wp:attachment":[{"href":"https:\/\/avocor.trendmakers.ro\/ro\/wp-json\/wp\/v2\/media?parent=35484"}],"curies":[{"name":"wp","href":"https:\/\/api.w.org\/{rel}","templated":true}]}}