{"id":35547,"date":"2017-12-07T22:31:59","date_gmt":"2017-12-07T22:31:59","guid":{"rendered":"http:\/\/avocor.trendmakers.ro\/contact\/"},"modified":"2017-12-07T22:31:59","modified_gmt":"2017-12-07T22:31:59","slug":"contact","status":"publish","type":"page","link":"https:\/\/avocor.trendmakers.ro\/ro\/contact\/","title":{"rendered":"Contact"},"content":{"rendered":"<p>[et_pb_section bb_built=&#8221;1&#8243; fullwidth=&#8221;on&#8221; _builder_version=&#8221;3.0.47&#8243;][et_pb_fullwidth_map address=&#8221;Strada Enric Baader 1, Timi\u0219oara, Romania&#8221; zoom_level=&#8221;16&#8243; address_lat=&#8221;45.762096&#8243; address_lng=&#8221;21.245345000000043&#8243; _builder_version=&#8221;3.0.88&#8243;]<\/p>\n<p>[et_pb_map_pin title=&#8221;Varga &amp;amp; Molnar Law Office&#8221; pin_address=&#8221;Strada Enric Baader 1, Timi\u0219oara, Romania&#8221; pin_address_lat=&#8221;45.76235796937448&#8243; pin_address_lng=&#8221;21.244325760574384&#8243; _builder_version=&#8221;3.0.88&#8243;]<\/p>\n<p>Cabinetul nostru se afl\u0103 pe strada Enrik Baader, nr.1, et. 2, ap.20.<br \/>\n\u00cen cazul \u00een care veni\u0163i cu autoturismul, dinspre sensul giratoriu de la punctele cardinale, spre Calea Lugojului, pe Bulevardul Take Ionescu, la prima intersec\u0163ie dup\u0103 ce trece\u0163i prin fa\u0163a sediului Inspectoratului de Poli\u0163ie al Jude\u0163ului Timi\u015f, v\u0103 ve\u0163i incadra \u00een banda din st\u00e2nga, ve\u0163i efectua virajul st\u00e2nga\u00a0\u015fi intra\u0163i pe strada Enrik Baader.<\/p>\n<p>Strada Enrik Baader este o strad\u0103 cu sens unic.\u00a0Imediat ce a\u0163i intrat \u00een strad\u0103, pe partea st\u00e2ng\u0103 a sensului de mers sunt\u00a0locuri de parcare. \u00cen cazul \u00eencare nu ve\u0163i g\u0103si loc de parcare, intra\u0163i \u00een prima curte, aflat\u0103 \u00eentre \u015fase case, printre care \u015fi Baader nr.1. \u00cen afar\u0103 de Bulevardul Take Ionescu, \u00een zona nu se percepe tax\u0103 de parcare.<\/p>\n<p>Accesul \u00een cl\u0103dire se face prin u\u015fa cea mai apropiat\u0103 de B-dul Take Ionescu.<\/p>\n<p>[\/et_pb_map_pin]<\/p>\n<p>[\/et_pb_fullwidth_map][\/et_pb_section][et_pb_section bb_built=&#8221;1&#8243; _builder_version=&#8221;3.0.47&#8243;][et_pb_row _builder_version=&#8221;3.0.47&#8243; background_size=&#8221;initial&#8221; background_position=&#8221;top_left&#8221; background_repeat=&#8221;repeat&#8221;][et_pb_column type=&#8221;2_3&#8243;][et_pb_contact_form captcha=&#8221;off&#8221; title=&#8221;Get In Touch&#8221; module_id=&#8221;et_pb_contact_form_0&#8243; _builder_version=&#8221;3.0.47&#8243; border_radii=&#8221;on||||&#8221;]<\/p>\n<p>[et_pb_contact_field field_id=&#8221;Numele dvs.&#8221; field_title=&#8221;Numele dvs.&#8221; _builder_version=&#8221;3.0.47&#8243; border_radii=&#8221;on||||&#8221;][\/et_pb_contact_field][et_pb_contact_field field_id=&#8221;Email&#8221; field_title=&#8221;Addresa dvs. de email&#8221; field_type=&#8221;email&#8221; _builder_version=&#8221;3.0.47&#8243; border_radii=&#8221;on||||&#8221;][\/et_pb_contact_field][et_pb_contact_field field_id=&#8221;Scrieti-ne pe scurt despre cazul dvs.&#8221; field_title=&#8221;Scrieti-ne pe scurt despre cazul dvs.&#8221; field_type=&#8221;text&#8221; fullwidth_field=&#8221;on&#8221; _builder_version=&#8221;3.0.47&#8243; border_radii=&#8221;on||||&#8221;][\/et_pb_contact_field]<\/p>\n<p>[\/et_pb_contact_form][\/et_pb_column][et_pb_column type=&#8221;1_3&#8243;][et_pb_text _builder_version=&#8221;3.0.90&#8243; background_size=&#8221;initial&#8221; background_position=&#8221;top_left&#8221; background_repeat=&#8221;repeat&#8221; module_alignment=&#8221;left&#8221; background_layout=&#8221;light&#8221;]<\/p>\n<h3>More Info<\/h3>\n<p>sit amet, consectetur adipiscing elit. Integer placerat metus id orci facilisis, in luctus eros laoreet. Mauris interdum augue varius, faucibus massa id, imperdiet tortor. Donec vel tortor molestie, hendrerit sem a, hendrerit arcu. Aliquam erat volutpat. Proin varius eros eros, non condimentum nis.<\/p>\n<p><strong>Address:<\/strong>&nbsp;Enrik Baader 1, apt.20<br \/>\nTimisoara, Romania<\/p>\n<p><strong>Phone:<\/strong> +40 722 354 394; +40 743 630 529<\/p>\n<p><strong>Business Hours:<\/strong> 8a-6:30p M-F, 9a-2p S-S<\/p>\n<p>[\/et_pb_text][\/et_pb_column][\/et_pb_row][\/et_pb_section]<\/p>\n","protected":false},"excerpt":{"rendered":"<p>[et_pb_section bb_built=&#8221;1&#8243; fullwidth=&#8221;on&#8221; _builder_version=&#8221;3.0.47&#8243;][et_pb_fullwidth_map address=&#8221;Strada Enric Baader 1, Timi\u0219oara, Romania&#8221; zoom_level=&#8221;16&#8243; address_lat=&#8221;45.762096&#8243; address_lng=&#8221;21.245345000000043&#8243; _builder_version=&#8221;3.0.88&#8243;] [et_pb_map_pin title=&#8221;Varga &amp;amp; Molnar Law Office&#8221; pin_address=&#8221;Strada Enric Baader 1, Timi\u0219oara, Romania&#8221; pin_address_lat=&#8221;45.76235796937448&#8243; pin_address_lng=&#8221;21.244325760574384&#8243; _builder_version=&#8221;3.0.88&#8243;] Cabinetul nostru se afl\u0103 pe strada Enrik Baader, nr.1, et. 2, ap.20. \u00cen cazul \u00een care veni\u0163i cu autoturismul, dinspre sensul giratoriu de la punctele cardinale, [&hellip;]<\/p>\n","protected":false},"author":1,"featured_media":0,"parent":0,"menu_order":0,"comment_status":"closed","ping_status":"closed","template":"","meta":{"_et_pb_use_builder":"on","_et_pb_old_content":"","footnotes":""},"class_list":["post-35547","page","type-page","status-publish","hentry"],"_links":{"self":[{"href":"https:\/\/avocor.trendmakers.ro\/ro\/wp-json\/wp\/v2\/pages\/35547","targetHints":{"allow":["GET"]}}],"collection":[{"href":"https:\/\/avocor.trendmakers.ro\/ro\/wp-json\/wp\/v2\/pages"}],"about":[{"href":"https:\/\/avocor.trendmakers.ro\/ro\/wp-json\/wp\/v2\/types\/page"}],"author":[{"embeddable":true,"href":"https:\/\/avocor.trendmakers.ro\/ro\/wp-json\/wp\/v2\/users\/1"}],"replies":[{"embeddable":true,"href":"https:\/\/avocor.trendmakers.ro\/ro\/wp-json\/wp\/v2\/comments?post=35547"}],"version-history":[{"count":4,"href":"https:\/\/avocor.trendmakers.ro\/ro\/wp-json\/wp\/v2\/pages\/35547\/revisions"}],"predecessor-version":[{"id":35551,"href":"https:\/\/avocor.trendmakers.ro\/ro\/wp-json\/wp\/v2\/pages\/35547\/revisions\/35551"}],"wp:attachment":[{"href":"https:\/\/avocor.trendmakers.ro\/ro\/wp-json\/wp\/v2\/media?parent=35547"}],"curies":[{"name":"wp","href":"https:\/\/api.w.org\/{rel}","templated":true}]}}