{"id":36567,"date":"2018-03-26T15:30:06","date_gmt":"2018-03-26T13:30:06","guid":{"rendered":"http:\/\/avocor.trendmakers.ro\/cornelia-varga\/"},"modified":"2018-03-26T15:34:25","modified_gmt":"2018-03-26T13:34:25","slug":"cornelia-varga","status":"publish","type":"page","link":"https:\/\/avocor.trendmakers.ro\/ro\/cornelia-varga\/","title":{"rendered":"Cornelia Varga"},"content":{"rendered":"<p>[et_pb_section bb_built=&#8221;1&#8243; _builder_version=&#8221;3.0.91&#8243;][et_pb_row _builder_version=&#8221;3.0.91&#8243; background_color_2=&#8221;#21b097&#8243; make_equal=&#8221;on&#8221;][et_pb_column type=&#8221;2_3&#8243;][et_pb_text _builder_version=&#8221;3.0.93&#8243; background_layout=&#8221;light&#8221;]<\/p>\n<h1><strong>CORNELIA VARGA<\/strong><\/h1>\n<p>senior partner \/ avocat<\/p>\n<h3><strong>\u00a0<\/strong><strong>SPECIALIZ\u0102RI<\/strong><\/h3>\n<ul>\n<li>Drept Comercial<\/li>\n<li>Drept Civil<\/li>\n<li>Drept Societar<\/li>\n<li>Recuper\u0103ri Crean\u021be<\/li>\n<\/ul>\n<h3><strong>\u00a0<\/strong><strong>TITLURI \u0218I EXPERIEN\u021a\u0102 PROFESIONAL\u0102<\/strong><\/h3>\n<ul>\n<li>Licen\u021ba \u00een drept la Universitatea din Bucure\u0219ti, 1991<\/li>\n<li>Master \u00een Dreptul Afacerilor la Universitatea de Vest din Timi\u0219oara, 2005<\/li>\n<li>Specializarea \u00een insolven\u021b\u0103, 2009<\/li>\n<li>Seminar de insolven\u021b\u0103 profesional\u0103, 2009<\/li>\n<li>Curs interna\u021bional \\&#8221;Recunoa\u0219terea \u0219i executarea deciziilor str\u0103ine \u00een baza reglement\u0103rilor Uniunii Europene\\&#8221;, 2009<\/li>\n<li>Conferin\u021ba interna\u021bional\u0103: \\&#8221;Antreprenoriatul \u0219i cre\u0219terea antreprenorilor \u00een zona de frontier\u0103 maghiaro &#8211; rom\u00e2n\u0103\\&#8221;, 2012<\/li>\n<li>Conferin\u021ba \\&#8221;Clustere f\u0103r\u0103 grani\u021be &#8211; \u00een urma posibilit\u0103\u021bilor de grupare \u00een regiunea transfrontalier\u0103 maghiar\u0103 &#8211; rom\u00e2n\u0103\\&#8221;, 2012<\/li>\n<li>Seminar regional de insolven\u021b\u0103 Turnu Severin, 2014<\/li>\n<li>Conferin\u021ba Na\u021bional\u0103 pentru Drept Comercial, 2015<\/li>\n<li>Seminar regional de insolven\u021b\u0103 Timi\u0219oara, 2015<\/li>\n<li>Conferin\u021ba privind dreptul comercial, 2016<\/li>\n<li>Conferin\u021ba Na\u021bional\u0103 de Insolven\u021b\u0103 Geoagiu Bai, 2016<\/li>\n<li>Conferin\u021ba privind legea bancar\u0103 organizat\u0103 de Facultatea de Drept \u0219i Administra\u021bia Public\u0103 Universitatea de Vest din Timi\u0219oara, 2017<\/li>\n<li>Conferin\u021ba Na\u021bional\u0103 de Insolven\u021b\u0103 Geoagiu Bai, 2017<\/li>\n<li>Conferin\u021ba Na\u021bional\u0103 de Drept Comercial, 2017<\/li>\n<\/ul>\n<h3><strong>\u00a0<\/strong><strong>LIMBI VORBITE<\/strong><\/h3>\n<ul>\n<li>Rom\u00e2n\u0103<\/li>\n<li>Maghiar\u0103<\/li>\n<li>German\u0103<\/li>\n<li>Englez\u0103<\/li>\n<\/ul>\n<h3><strong>CONTACT<\/strong><\/h3>\n<p>Tel: +40722354394<\/p>\n<p>Email: contact@avocor.eu<\/p>\n<p>[\/et_pb_text][\/et_pb_column][et_pb_column type=&#8221;1_3&#8243;][\/et_pb_column][\/et_pb_row][\/et_pb_section][et_pb_section bb_built=&#8221;1&#8243; module_id=&#8221;contact&#8221; module_class=&#8221;law law11&#8243; _builder_version=&#8221;3.0.88&#8243; custom_padding=&#8221;0px|0px|0px|0px&#8221; transparent_background=&#8221;off&#8221; padding_mobile=&#8221;on&#8221; global_module=&#8221;35173&#8243;][et_pb_row global_parent=&#8221;35173&#8243; make_fullwidth=&#8221;on&#8221; use_custom_gutter=&#8221;on&#8221; custom_padding=&#8221;0px|0px|0px|0px&#8221; padding_mobile=&#8221;on&#8221; make_equal=&#8221;on&#8221; column_padding_mobile=&#8221;on&#8221; background_color_2=&#8221;#f3f3f3&#8243; bg_img_1=&#8221;http:\/\/avocor.trendmakers.ro\/wp-content\/uploads\/2018\/01\/address3.jpg&#8221; padding_top_1=&#8221;6vw&#8221; padding_right_1=&#8221;4vw&#8221; padding_bottom_1=&#8221;6vw&#8221; padding_left_1=&#8221;4vw&#8221; padding_top_2=&#8221;6vw&#8221; padding_right_2=&#8221;4vw&#8221; padding_bottom_2=&#8221;6vw&#8221; padding_left_2=&#8221;4vw&#8221; parallax_1=&#8221;on&#8221; parallax_method_2=&#8221;off&#8221; _builder_version=&#8221;3.0.93&#8243; parallax=&#8221;on&#8221; custom_margin_last_edited=&#8221;off|desktop&#8221;][et_pb_column type=&#8221;1_2&#8243;][et_pb_cta admin_label=&#8221;Contact&#8221; global_parent=&#8221;35173&#8243; use_background_color=&#8221;off&#8221; _builder_version=&#8221;3.0.93&#8243; header_font=&#8221;Montserrat|on|||&#8221; header_font_size=&#8221;36&#8243; header_font_size_tablet=&#8221;30&#8243; header_font_size_phone=&#8221;26&#8243; header_font_size_last_edited=&#8221;on|phone&#8221; header_text_color=&#8221;#ffffff&#8221; body_font=&#8221;Open Sans||||&#8221; body_font_size=&#8221;18&#8243; body_text_color=&#8221;#ffffff&#8221; body_line_height=&#8221;1.8em&#8221; background_size=&#8221;initial&#8221; background_position=&#8221;top_left&#8221; background_repeat=&#8221;repeat&#8221; text_orientation=&#8221;left&#8221; use_border_color=&#8221;off&#8221; border_color=&#8221;#ffffff&#8221; border_style=&#8221;solid&#8221;]<\/p>\n<p>Vizita\u021bi-ne<\/p>\n<h2>ADDRESA<\/h2>\n<p>Str. Baader nr. 1, Apt.20, Timisoara, Romania<\/p>\n<h2>TELEFOANE<\/h2>\n<p>+40.722.354.394\u00a0 \u00a0 \u00a0 \u00a0 +40.743.630.529<\/p>\n<h2>PROGRAM<\/h2>\n<p>Luni &#8211; Vineri: 9:00 \u2013 17:00<\/p>\n<p>[\/et_pb_cta][\/et_pb_column][et_pb_column type=&#8221;1_2&#8243;][et_pb_contact_form global_parent=&#8221;35173&#8243; title=&#8221;Programare Online&#8221; module_id=&#8221;et_pb_contact_form_0&#8243; _builder_version=&#8221;3.0.90&#8243; title_level=&#8221;h2&#8243; title_font=&#8221;|600|||||||&#8221; title_font_size=&#8221;30&#8243; title_text_color=&#8221;#21b097&#8243; form_field_font=&#8221;Open Sans||||&#8221; form_field_font_size=&#8221;16&#8243; form_field_text_color=&#8221;#444c50&#8243; border_radii=&#8221;on|0px|0px|0px|0px&#8221; border_color_all=&#8221;off&#8221; border_style_all=&#8221;solid&#8221; custom_button=&#8221;on&#8221; button_text_color=&#8221;#ffffff&#8221; button_bg_color=&#8221;#21b097&#8243; button_border_width=&#8221;0&#8243; button_border_radius=&#8221;0&#8243; button_font=&#8221;||||||||&#8221; button_use_icon=&#8221;default&#8221; use_border_color=&#8221;off&#8221; border_color=&#8221;#ffffff&#8221; border_style=&#8221;solid&#8221; input_border_radius=&#8221;0&#8243;][et_pb_contact_field field_id=&#8221;Nume&#8221; field_title=&#8221;Nume&#8221; _builder_version=&#8221;3.0.47&#8243; border_radii=&#8221;on||||&#8221;][\/et_pb_contact_field][et_pb_contact_field field_id=&#8221;Email&#8221; field_title=&#8221;Adresa dvs de email&#8221; field_type=&#8221;email&#8221; _builder_version=&#8221;3.0.88&#8243; border_radii=&#8221;on||||&#8221;][\/et_pb_contact_field][et_pb_contact_field field_id=&#8221;Mesaj&#8221; field_title=&#8221;Mesaj&#8221; field_type=&#8221;text&#8221; fullwidth_field=&#8221;on&#8221; _builder_version=&#8221;3.0.47&#8243; border_radii=&#8221;on||||&#8221;][\/et_pb_contact_field][\/et_pb_contact_form][\/et_pb_column][\/et_pb_row][\/et_pb_section][et_pb_section bb_built=&#8221;1&#8243; fullwidth=&#8221;on&#8221; _builder_version=&#8221;3.0.47&#8243; global_module=&#8221;35028&#8243;][et_pb_fullwidth_map global_parent=&#8221;35028&#8243; address=&#8221;Strada Enric Baader 1, Timi\u0219oara, Romania&#8221; zoom_level=&#8221;15&#8243; address_lat=&#8221;45.7620061816&#8243; address_lng=&#8221;21.244164828&#8243; use_grayscale_filter=&#8221;on&#8221; grayscale_filter_amount=&#8221;70&#8243; _builder_version=&#8221;3.0.91&#8243; child_filter_saturate=&#8221;30%&#8221; _map_version=&#8221;0&#8243;][et_pb_map_pin title=&#8221;Varga &amp;amp; Molnar Law Office&#8221; pin_address=&#8221;Strada Enric Baader 1, Timi\u0219oara, Romania&#8221; pin_address_lat=&#8221;45.76235796937448&#8243; pin_address_lng=&#8221;21.244325760574384&#8243; _builder_version=&#8221;3.0.88&#8243;]<\/p>\n<p>Cabinetul nostru se afl\u0103 pe strada Enrik Baader, nr.1, et. 2, ap.20.<br \/>\n\u00cen cazul \u00een care veni\u0163i cu autoturismul, dinspre sensul giratoriu de la punctele cardinale, spre Calea Lugojului, pe Bulevardul Take Ionescu, la prima intersec\u0163ie dup\u0103 ce trece\u0163i prin fa\u0163a sediului Inspectoratului de Poli\u0163ie al Jude\u0163ului Timi\u015f, v\u0103 ve\u0163i incadra \u00een banda din st\u00e2nga, ve\u0163i efectua virajul st\u00e2nga\u00a0\u015fi intra\u0163i pe strada Enrik Baader.<\/p>\n<p>Strada Enrik Baader este o strad\u0103 cu sens unic.\u00a0Imediat ce a\u0163i intrat \u00een strad\u0103, pe partea st\u00e2ng\u0103 a sensului de mers sunt\u00a0locuri de parcare. \u00cen cazul \u00eencare nu ve\u0163i g\u0103si loc de parcare, intra\u0163i \u00een prima curte, aflat\u0103 \u00eentre \u015fase case, printre care \u015fi Baader nr.1. \u00cen afar\u0103 de Bulevardul Take Ionescu, \u00een zona nu se percepe tax\u0103 de parcare.<\/p>\n<p>Accesul \u00een cl\u0103dire se face prin u\u015fa cea mai apropiat\u0103 de B-dul Take Ionescu.<\/p>\n<p>[\/et_pb_map_pin][\/et_pb_fullwidth_map][\/et_pb_section]<\/p>\n","protected":false},"excerpt":{"rendered":"<p>[et_pb_section bb_built=&#8221;1&#8243; _builder_version=&#8221;3.0.91&#8243;][et_pb_row _builder_version=&#8221;3.0.91&#8243; background_color_2=&#8221;#21b097&#8243; make_equal=&#8221;on&#8221;][et_pb_column type=&#8221;2_3&#8243;][et_pb_text _builder_version=&#8221;3.0.93&#8243; background_layout=&#8221;light&#8221;] CORNELIA VARGA senior partner \/ avocat \u00a0SPECIALIZ\u0102RI Drept Comercial Drept Civil Drept Societar Recuper\u0103ri Crean\u021be \u00a0TITLURI \u0218I EXPERIEN\u021a\u0102 PROFESIONAL\u0102 Licen\u021ba \u00een drept la Universitatea din Bucure\u0219ti, 1991 Master \u00een Dreptul Afacerilor la Universitatea de Vest din Timi\u0219oara, 2005 Specializarea \u00een insolven\u021b\u0103, 2009 Seminar de insolven\u021b\u0103 profesional\u0103, [&hellip;]<\/p>\n","protected":false},"author":1,"featured_media":0,"parent":0,"menu_order":0,"comment_status":"closed","ping_status":"closed","template":"","meta":{"_et_pb_use_builder":"on","_et_pb_old_content":"","footnotes":""},"class_list":["post-36567","page","type-page","status-publish","hentry"],"_links":{"self":[{"href":"https:\/\/avocor.trendmakers.ro\/ro\/wp-json\/wp\/v2\/pages\/36567","targetHints":{"allow":["GET"]}}],"collection":[{"href":"https:\/\/avocor.trendmakers.ro\/ro\/wp-json\/wp\/v2\/pages"}],"about":[{"href":"https:\/\/avocor.trendmakers.ro\/ro\/wp-json\/wp\/v2\/types\/page"}],"author":[{"embeddable":true,"href":"https:\/\/avocor.trendmakers.ro\/ro\/wp-json\/wp\/v2\/users\/1"}],"replies":[{"embeddable":true,"href":"https:\/\/avocor.trendmakers.ro\/ro\/wp-json\/wp\/v2\/comments?post=36567"}],"version-history":[{"count":14,"href":"https:\/\/avocor.trendmakers.ro\/ro\/wp-json\/wp\/v2\/pages\/36567\/revisions"}],"predecessor-version":[{"id":36581,"href":"https:\/\/avocor.trendmakers.ro\/ro\/wp-json\/wp\/v2\/pages\/36567\/revisions\/36581"}],"wp:attachment":[{"href":"https:\/\/avocor.trendmakers.ro\/ro\/wp-json\/wp\/v2\/media?parent=36567"}],"curies":[{"name":"wp","href":"https:\/\/api.w.org\/{rel}","templated":true}]}}